
{"id":1835,"date":"2024-03-04T21:53:29","date_gmt":"2024-03-04T20:53:29","guid":{"rendered":"https:\/\/vincentbernhardt.org\/de\/?page_id=1835"},"modified":"2025-06-25T12:19:51","modified_gmt":"2025-06-25T10:19:51","slug":"buxtehude-chapelle","status":"publish","type":"page","link":"https:\/\/vincentbernhardt.org\/de\/diskografie\/buxtehude-chapelle\/","title":{"rendered":"Buxtehude: Herr, wenn ich nur Dich habe"},"content":{"rendered":"\n<h2 class=\"wp-block-heading\"><em>Diese vier Vertonungen der Verse 25 und 26 von Psalm 73 entf\u00fchren uns in die Mysterien und die Poesie der deutschen Spiritualit\u00e4t des 17. Jahrhunderts. Neben diesen Vokalst\u00fccken von Buxtehude, Pohle und Rosenm\u00fcller bietet Vincent Bernhardt hier eine Aufnahme des Orgelwerks von Andreas Kneller auf der 1979 von Marc Garnier in Bouzonville gebauten Orgel, die hier zum ersten Mal eingespielt wurde.<\/em><\/h2>\n\n\n\n<div class=\"wp-block-columns is-layout-flex wp-container-core-columns-is-layout-9d6595d7 wp-block-columns-is-layout-flex\">\n<div class=\"wp-block-column is-layout-flow wp-block-column-is-layout-flow\" style=\"flex-basis:33.33%\">\n<figure class=\"wp-block-image size-full\"><img loading=\"lazy\" decoding=\"async\" width=\"600\" height=\"600\" src=\"http:\/\/vincentbernhardt.org\/de\/wp-content\/uploads\/sites\/3\/2025\/06\/IC031-Couv-600-dis-1.jpg\" alt=\"\" class=\"wp-image-1986\" srcset=\"https:\/\/vincentbernhardt.org\/de\/wp-content\/uploads\/sites\/3\/2025\/06\/IC031-Couv-600-dis-1.jpg 600w, https:\/\/vincentbernhardt.org\/de\/wp-content\/uploads\/sites\/3\/2025\/06\/IC031-Couv-600-dis-1-300x300.jpg 300w, https:\/\/vincentbernhardt.org\/de\/wp-content\/uploads\/sites\/3\/2025\/06\/IC031-Couv-600-dis-1-150x150.jpg 150w, https:\/\/vincentbernhardt.org\/de\/wp-content\/uploads\/sites\/3\/2025\/06\/IC031-Couv-600-dis-1-100x100.jpg 100w\" sizes=\"auto, (max-width: 600px) 100vw, 600px\" \/><\/figure>\n\n\n\n<h2 class=\"wp-block-heading\">Einzelheiten:<\/h2>\n\n\n\n<p>Jahr: 2024<\/p>\n\n\n\n<p>Label: <a href=\"https:\/\/indesenscalliope.com\/boutique\/wenn-ich-nur-dich-habe\/\" target=\"_blank\" rel=\"noreferrer noopener\">Ind\u00e9Sens Calliope<\/a><\/p>\n\n\n\n<p>Werke von: Dietrich Buxtehude, Andreas Kneller<\/p>\n\n\n\n<p>K\u00fcnstler:<br>Vincent Bernhardt, Orgel &amp; Leitung<br><a href=\"https:\/\/laureenstoulig.fr\/\" target=\"_blank\" rel=\"noreferrer noopener\">Laureen Stoulig-Thinnes<\/a>, soprano<br><a href=\"https:\/\/www.facebook.com\/ChapelleSaintMarc\/\" target=\"_blank\" rel=\"noreferrer noopener\">La Chapelle Saint-Marc<\/a><\/p>\n\n\n\n<p>Dauer: 1h05 &#8211; 27 Tracks<\/p>\n\n\n\n<h2 class=\"wp-block-heading\">Verf\u00fcgbar bei:<\/h2>\n\n\n\n<div class=\"wp-block-buttons is-layout-flex wp-block-buttons-is-layout-flex\">\n<div class=\"wp-block-button is-style-outline is-style-outline--1\"><a class=\"wp-block-button__link has-text-color wp-element-button\" href=\"https:\/\/music.youtube.com\/playlist?list=OLAK5uy_nww2Ei41hpU6SalLpw2dOSdR7uVJ8d8V8\" style=\"border-radius:4px;color:#e7d3b1\" target=\"_blank\" rel=\"noreferrer noopener\">YouTube Music<\/a><\/div>\n\n\n\n<div class=\"wp-block-button is-style-outline is-style-outline--2\"><a class=\"wp-block-button__link has-text-color wp-element-button\" href=\"https:\/\/youtube.com\/playlist?list=OLAK5uy_lcfDdYNbD_ANuNoOCsddgViKXKY-ZLKAw&amp;si=P5CpXgrKHNJ0hydc\" style=\"border-radius:4px;color:#e7d3b1\" target=\"_blank\" rel=\"noreferrer noopener\">YouTube<\/a><\/div>\n\n\n\n<div class=\"wp-block-button is-style-outline is-style-outline--3\"><a class=\"wp-block-button__link has-text-color wp-element-button\" href=\"https:\/\/www.kulturkaufhaus.de\/de\/detail\/ISBN-0650414924906\/Stoulig-Thinnes\/Barocke-Kantaten-und-Orgelwerke?bpmctrl=bpmrownr.2%7Cforeign.516539-1-0-0\" style=\"border-radius:4px;color:#e7d3b1\" target=\"_blank\" rel=\"noreferrer noopener\">Dussmann<\/a><\/div>\n\n\n\n<div class=\"wp-block-button is-style-outline is-style-outline--4\"><a class=\"wp-block-button__link has-text-color wp-element-button\" href=\"https:\/\/music.amazon.fr\/albums\/B0CSG3SJMH\" style=\"border-radius:4px;color:#e7d3b1\" target=\"_blank\" rel=\"noreferrer noopener\">Amazon Music<\/a><\/div>\n\n\n\n<div class=\"wp-block-button is-style-outline is-style-outline--5\"><a class=\"wp-block-button__link has-text-color wp-element-button\" href=\"https:\/\/www.qobuz.com\/be-fr\/album\/buxtehude-laureen-stoulig-thinnes-vincent-bernhardt-ensemble-de-la-chapelle-saint-marc\/ujrgcgnudtlpc\" style=\"border-radius:4px;color:#e7d3b1\" target=\"_blank\" rel=\"noreferrer noopener\">Qobuz<\/a><\/div>\n\n\n\n<div class=\"wp-block-button is-style-outline is-style-outline--6\"><a class=\"wp-block-button__link has-text-color wp-element-button\" href=\"https:\/\/www.deezer.com\/fr\/album\/535489222\" style=\"border-radius:4px;color:#e7d3b1\" target=\"_blank\" rel=\"noreferrer noopener\">Deezer<\/a><\/div>\n\n\n\n<div class=\"wp-block-button is-style-outline is-style-outline--7\"><a class=\"wp-block-button__link has-text-color wp-element-button\" href=\"https:\/\/music.apple.com\/ch\/album\/herr-wenn-ich-nur-dich-habe-buxwv-39-no-3\/1726022750?i=1726025065&amp;app=music\" style=\"border-radius:4px;color:#e7d3b1\" target=\"_blank\" rel=\"noreferrer noopener\">Apple Music<\/a><\/div>\n\n\n\n<div class=\"wp-block-button is-style-outline is-style-outline--8\"><a class=\"wp-block-button__link has-text-color wp-element-button\" href=\"https:\/\/open.spotify.com\/intl-fr\/album\/2RNJ5Ihn41BU0gmLxQdZwe?si=SEv29GtzQgi5kWb4AY85Yw&amp;fbclid=IwAR3j-eFTAnT51H0JKBGKee6LA7AqXBeKTyyl2GAuylxWZJ9dZeQhm2maTjM\" style=\"border-radius:4px;color:#e7d3b1\" target=\"_blank\" rel=\"noreferrer noopener\">Spotify<\/a><\/div>\n<\/div>\n\n\n\n<p><\/p>\n<\/div>\n\n\n\n<div class=\"wp-block-column is-layout-flow wp-block-column-is-layout-flow\" style=\"flex-basis:66.66%\">\n<figure class=\"wp-block-embed is-type-video is-provider-youtube wp-block-embed-youtube wp-embed-aspect-16-9 wp-has-aspect-ratio\"><div class=\"wp-block-embed__wrapper\">\n<iframe loading=\"lazy\" title=\"BUXTEHUDE Teaser: Herr, Wenn ich nur dich habe - Laureen Stoulig, V. Bernhardt, Chapelle Saint-Marc\" width=\"525\" height=\"295\" src=\"https:\/\/www.youtube.com\/embed\/jrChxPIIO2o?feature=oembed\" frameborder=\"0\" allow=\"accelerometer; autoplay; clipboard-write; encrypted-media; gyroscope; picture-in-picture; web-share\" referrerpolicy=\"strict-origin-when-cross-origin\" allowfullscreen><\/iframe>\n<\/div><\/figure>\n\n\n\n<hr class=\"wp-block-separator has-css-opacity\" \/>\n\n\n\n<blockquote class=\"wp-block-quote is-layout-flow wp-block-quote-is-layout-flow\">\n<p>\u201eDie Orgelst\u00fccke setzen auf die Vielfalt und Individualit\u00e4t von Klangfarben mit einer geschmackvollen und distinguierten Harmonie, die Vincent Bernhardt mit Wissenschaft und Geschmack ausw\u00e4hlt und mischt. [\u2026] Knellers Partita \u00fcber &#8222;Nun komm, der Heiden Heiland&#8220; ist von Anfang bis Ende ein Genuss. Lassen wir uns das Vergn\u00fcgen nicht entgehen!\u201c<\/p>\n<cite>Paul de Louit, Diapason Magazine Nr. 731, M\u00e4rz 2024<\/cite><\/blockquote>\n\n\n\n<hr class=\"wp-block-separator has-css-opacity\" \/>\n\n\n\n<blockquote class=\"wp-block-quote is-layout-flow wp-block-quote-is-layout-flow\">\n<p>\u201eVincent Bernhardt bietet uns eine sehr lebendige Interpretation dieses Repertoires, die von einer subtilen Phrasierung und einem bemerkenswerten Sinn f\u00fcr Artikulation bedient wird. [&#8230;] In diesem perfekt aufgebauten Programm singt und atmet alles im Einklang: die Sopranistin, die Violinen und die Orgel. Spitze!\u201c<br><strong>La Clef ResMusica<\/strong><\/p>\n<cite>C\u00e9cile Glaenzer, <a href=\"https:\/\/www.resmusica.com\/2024\/03\/27\/poesie-de-la-spiritualite-allemande-a-la-fin-du-17e-siecle-par-la-chapelle-saint-marc-indesens\/\" target=\"_blank\" rel=\"noreferrer noopener\">ResMusica<\/a>, 27\/03\/2024<\/cite><\/blockquote>\n\n\n\n<hr class=\"wp-block-separator has-css-opacity\" \/>\n\n\n\n<blockquote class=\"wp-block-quote is-layout-flow wp-block-quote-is-layout-flow\">\n<p>\u201eDiese CD abseits ausgetretener Pfade \u00fcberzeugt durch die Intelligenz ihrer Konzeption und Umsetzung.\u201c<\/p>\n<cite>Christophe Steyne, <a href=\"https:\/\/www.crescendo-magazine.be\/orgue-et-cantates-baroques-allemandes-a-leglise-de-bournonville\/\" target=\"_blank\" rel=\"noreferrer noopener\">Crescendo Magazine<\/a>, 20\/03\/2024<\/cite><\/blockquote>\n\n\n\n<hr class=\"wp-block-separator has-alpha-channel-opacity\" \/>\n\n\n\n<blockquote class=\"wp-block-quote is-layout-flow wp-block-quote-is-layout-flow\">\n<p>\u201eDieser Einblick in die deutsche Barockmusik zur Zeit Buxtehudes ist also ein sehr angenehmer Moment, den man nur empfehlen kann.\u201c<\/p>\n<cite>Pierre-Jean Schoen, <a href=\"https:\/\/utmisol.fr\/?article=1694\" target=\"_blank\" rel=\"noreferrer noopener\">Utmisol<\/a>, 27\/05\/2024<\/cite><\/blockquote>\n\n\n\n<hr class=\"wp-block-separator has-css-opacity\" \/>\n\n\n\n<h2 class=\"wp-block-heading\">Ausz\u00fcge:<\/h2>\n\n\n\n<figure class=\"wp-block-embed is-type-rich is-provider-spotify wp-block-embed-spotify wp-embed-aspect-21-9 wp-has-aspect-ratio\"><div class=\"wp-block-embed__wrapper\">\n<iframe title=\"Spotify Embed: Buxtehude (Wenn Ich nur dich Habe)\" style=\"border-radius: 12px\" width=\"100%\" height=\"352\" frameborder=\"0\" allowfullscreen allow=\"autoplay; clipboard-write; encrypted-media; fullscreen; picture-in-picture\" loading=\"lazy\" src=\"https:\/\/open.spotify.com\/embed\/album\/2RNJ5Ihn41BU0gmLxQdZwe?si=SEv29GtzQgi5kWb4AY85Yw&#038;fbclid=IwAR3j-eFTAnT51H0JKBGKee6LA7AqXBeKTyyl2GAuylxWZJ9dZeQhm2maTjM&#038;utm_source=oembed\"><\/iframe>\n<\/div><\/figure>\n<\/div>\n<\/div>\n\n\n\n<p><\/p>\n","protected":false},"excerpt":{"rendered":"<p>Diese vier Vertonungen der Verse 25 und 26 von Psalm 73 entf\u00fchren uns in die Mysterien und die Poesie der deutschen Spiritualit\u00e4t des 17. Jahrhunderts. Neben diesen Vokalst\u00fccken von Buxtehude, &hellip; <\/p>\n<p class=\"link-more\"><a href=\"https:\/\/vincentbernhardt.org\/de\/diskografie\/buxtehude-chapelle\/\" class=\"more-link\"><span class=\"screen-reader-text\">\u201eBuxtehude: Herr, wenn ich nur Dich habe\u201c <\/span>weiterlesen<\/a><\/p>\n","protected":false},"author":3,"featured_media":1996,"parent":849,"menu_order":0,"comment_status":"closed","ping_status":"closed","template":"","meta":{"footnotes":""},"class_list":["post-1835","page","type-page","status-publish","has-post-thumbnail","hentry"],"_links":{"self":[{"href":"https:\/\/vincentbernhardt.org\/de\/wp-json\/wp\/v2\/pages\/1835","targetHints":{"allow":["GET"]}}],"collection":[{"href":"https:\/\/vincentbernhardt.org\/de\/wp-json\/wp\/v2\/pages"}],"about":[{"href":"https:\/\/vincentbernhardt.org\/de\/wp-json\/wp\/v2\/types\/page"}],"author":[{"embeddable":true,"href":"https:\/\/vincentbernhardt.org\/de\/wp-json\/wp\/v2\/users\/3"}],"replies":[{"embeddable":true,"href":"https:\/\/vincentbernhardt.org\/de\/wp-json\/wp\/v2\/comments?post=1835"}],"version-history":[{"count":3,"href":"https:\/\/vincentbernhardt.org\/de\/wp-json\/wp\/v2\/pages\/1835\/revisions"}],"predecessor-version":[{"id":2188,"href":"https:\/\/vincentbernhardt.org\/de\/wp-json\/wp\/v2\/pages\/1835\/revisions\/2188"}],"up":[{"embeddable":true,"href":"https:\/\/vincentbernhardt.org\/de\/wp-json\/wp\/v2\/pages\/849"}],"wp:featuredmedia":[{"embeddable":true,"href":"https:\/\/vincentbernhardt.org\/de\/wp-json\/wp\/v2\/media\/1996"}],"wp:attachment":[{"href":"https:\/\/vincentbernhardt.org\/de\/wp-json\/wp\/v2\/media?parent=1835"}],"curies":[{"name":"wp","href":"https:\/\/api.w.org\/{rel}","templated":true}]}}