
{"id":1970,"date":"2025-06-04T19:50:00","date_gmt":"2025-06-04T17:50:00","guid":{"rendered":"https:\/\/vincentbernhardt.org\/de\/?page_id=1970"},"modified":"2025-06-25T12:20:39","modified_gmt":"2025-06-25T10:20:39","slug":"dalla-biblioteca-di-vivaldi","status":"publish","type":"page","link":"https:\/\/vincentbernhardt.org\/de\/diskografie\/dalla-biblioteca-di-vivaldi\/","title":{"rendered":"Dalla biblioteca di Vivaldi?"},"content":{"rendered":"\n<p class=\"has-medium-font-size\"><em>Diese neue Aufnahme stellt ein <a href=\"https:\/\/digital.slub-dresden.de\/werkansicht\/dlf\/73\/1\" target=\"_blank\" rel=\"noreferrer noopener\">unver\u00f6ffentlichtes Manuskript<\/a> vor, das von einem Sch\u00fcler Vivaldis in aller Eile kopiert wurde! \u00dcberschw\u00e4ngliche Sonaten, die uns in die glitzernde Welt Italiens zu Beginn des 18. Jahrhunderts eintauchen lassen!<\/em><\/p>\n\n\n\n<div class=\"wp-block-columns is-layout-flex wp-container-core-columns-is-layout-9d6595d7 wp-block-columns-is-layout-flex\">\n<div class=\"wp-block-column is-layout-flow wp-block-column-is-layout-flow\" style=\"flex-basis:33.33%\">\n<figure class=\"wp-block-image size-full\"><img loading=\"lazy\" decoding=\"async\" width=\"600\" height=\"600\" src=\"http:\/\/vincentbernhardt.org\/de\/wp-content\/uploads\/sites\/3\/2025\/06\/CAL2192-Couv-600-dis-1.jpg\" alt=\"\" class=\"wp-image-1993\" srcset=\"https:\/\/vincentbernhardt.org\/de\/wp-content\/uploads\/sites\/3\/2025\/06\/CAL2192-Couv-600-dis-1.jpg 600w, https:\/\/vincentbernhardt.org\/de\/wp-content\/uploads\/sites\/3\/2025\/06\/CAL2192-Couv-600-dis-1-300x300.jpg 300w, https:\/\/vincentbernhardt.org\/de\/wp-content\/uploads\/sites\/3\/2025\/06\/CAL2192-Couv-600-dis-1-150x150.jpg 150w, https:\/\/vincentbernhardt.org\/de\/wp-content\/uploads\/sites\/3\/2025\/06\/CAL2192-Couv-600-dis-1-100x100.jpg 100w\" sizes=\"auto, (max-width: 600px) 100vw, 600px\" \/><\/figure>\n\n\n\n<h2 class=\"wp-block-heading\">Einzelheiten:<\/h2>\n\n\n\n<p>Jahr: 2021<\/p>\n\n\n\n<p>Label: <a href=\"https:\/\/indesenscalliope.com\/boutique\/dalla-biblioteca-di-vivaldi\/\" target=\"_blank\" rel=\"noreferrer noopener\">Calliope<\/a><\/p>\n\n\n\n<p>Werke von: Johann Friedrich Schreivogel, Johann David Heinichen, Johann Pachelbel, Anonym<\/p>\n\n\n\n<p>K\u00fcnstler:<br><a href=\"http:\/\/www.sueyingkoang.com\" target=\"_blank\" rel=\"noreferrer noopener\">Sue-Ying Koang<\/a>, Violine<br>Vincent Bernhardt, Cembalo &amp; Orgel<br>Diana Vinagre, Cello<br>Parsival Castro, Theorbe &amp; Gitarre<\/p>\n\n\n\n<p>Dauer: 55\u00a0min &#8211; 28 Tracks<\/p>\n\n\n\n<h2 class=\"wp-block-heading\">Verf\u00fcgbar bei:<\/h2>\n\n\n\n<div class=\"wp-block-buttons is-layout-flex wp-block-buttons-is-layout-flex\">\n<div class=\"wp-block-button is-style-outline is-style-outline--1\"><a class=\"wp-block-button__link has-text-color wp-element-button\" href=\"https:\/\/www.qobuz.com\/album\/dalla-biblioteca-di-vivaldi-sue-ying-koang-diana-vinagre-parsival-castro-vincent-bernhardt\/rydy951abuyxb\" style=\"border-radius:4px;color:#e7d3b1\" target=\"_blank\" rel=\"noreferrer noopener\">Qobuz<\/a><\/div>\n\n\n\n<div class=\"wp-block-button is-style-outline is-style-outline--2\"><a class=\"wp-block-button__link has-text-color wp-element-button\" href=\"https:\/\/www.fnac.com\/a16387193\/Johann-Friedrich-Schreyfogel-Dalla-Biblioteca-Di-Vivaldi-CD-album\" style=\"border-radius:4px;color:#e7d3b1\" target=\"_blank\" rel=\"noreferrer noopener\">Fnac<\/a><\/div>\n\n\n\n<div class=\"wp-block-button is-style-outline is-style-outline--3\"><a class=\"wp-block-button__link has-text-color wp-element-button\" href=\"https:\/\/www.amazon.fr\/Dalla-Biblioteca-Vivaldi-Vincent-Bernhardt\/dp\/B09KFCSHMC\" style=\"border-radius:4px;color:#e7d3b1\" target=\"_blank\" rel=\"noreferrer noopener\">Amazon<\/a><\/div>\n\n\n\n<div class=\"wp-block-button is-style-outline is-style-outline--4\"><a class=\"wp-block-button__link has-text-color wp-element-button\" href=\"https:\/\/music.amazon.fr\/albums\/B09KKD3CMS\" style=\"border-radius:4px;color:#e7d3b1\" target=\"_blank\" rel=\"noreferrer noopener\">Amazon Music<\/a><\/div>\n\n\n\n<div class=\"wp-block-button is-style-outline is-style-outline--5\"><a class=\"wp-block-button__link has-text-color wp-element-button\" href=\"https:\/\/www.deezer.com\/album\/268500162\" style=\"border-radius:4px;color:#e7d3b1\" target=\"_blank\" rel=\"noreferrer noopener\">Deezer<\/a><\/div>\n\n\n\n<div class=\"wp-block-button is-style-outline is-style-outline--6\"><a class=\"wp-block-button__link has-text-color wp-element-button\" href=\"https:\/\/music.apple.com\/album\/dalla-biblioteca-di-vivaldi\/1593358784\" style=\"border-radius:4px;color:#e7d3b1\" target=\"_blank\" rel=\"noreferrer noopener\">Apple Music<\/a><\/div>\n\n\n\n<div class=\"wp-block-button is-style-outline is-style-outline--7\"><a class=\"wp-block-button__link has-text-color wp-element-button\" href=\"https:\/\/open.spotify.com\/album\/5eUTvtfhvCcqDFDDB6Mmra\" style=\"border-radius:4px;color:#e7d3b1\" target=\"_blank\" rel=\"noreferrer noopener\">Spotify<\/a><\/div>\n<\/div>\n\n\n\n<p><\/p>\n<\/div>\n\n\n\n<div class=\"wp-block-column is-layout-flow wp-block-column-is-layout-flow\" style=\"flex-basis:66.66%\">\n<p><a href=\"https:\/\/imslp.org\/wiki\/5_Violin_Sonatas%2C_Schrank_II%2F23%2F39_(Various)\">Ausgabe<\/a> der Handschrift bei IMSLP erh\u00e4ltlich.<\/p>\n\n\n\n<hr class=\"wp-block-separator has-css-opacity\" \/>\n\n\n\n<blockquote class=\"wp-block-quote is-layout-flow wp-block-quote-is-layout-flow\">\n<p>\u201eDer Gewinn, den Vincent Bernhardt hier bei der musikwissenschaftlichen Entschl\u00fcsselung der Quellen und der Interpretation der f\u00fcnf Violinsonaten erzielt, ist betr\u00e4chtlich. [\u2026] Vor allem aber stellt er die Hypothese einer vivaldischen Zuschreibung f\u00fcr g-Moll auf, die durch \u00fcberzeugende thematische \u00dcbereinstimmungen untermauert wird [\u2026] so sehr, dass die vivaldische Urheberschaft dieser Seiten vom Redaktionskomitee des Katalogs des Venezianers gepr\u00fcft wird.\u201c<\/p>\n<cite>Claude-Roger Travers, Diapason Nr. 708, 02\/2022<\/cite><\/blockquote>\n\n\n\n<hr class=\"wp-block-separator has-css-opacity\" \/>\n\n\n\n<blockquote class=\"wp-block-quote is-layout-flow wp-block-quote-is-layout-flow\">\n<p>\u201eDie Musiker dieser Produktion warten mit spannenden Gegen\u00fcberstellungen auf und machen so die Unterschiede der Kompositionen \u00fcberaus deutlich. Ein weiteres Charakteristikum ist die Ernsthaftigkeit des interpretatorischen Anliegens. Es geht diesem Ensemble nicht ums Abbeizen, nicht ums Fetzen, sondern um ein vitales, gestisches und erf\u00fclltes Musizieren.\u201c<\/p>\n<cite>Norbert Tischer, <a href=\"https:\/\/www.pizzicato.lu\/aus-dem-umfeld-vivaldis\/\" target=\"_blank\" rel=\"noreferrer noopener\">Pizzicato<\/a>, 02\/12\/2021<\/cite><\/blockquote>\n\n\n\n<hr class=\"wp-block-separator has-css-opacity\" \/>\n\n\n\n<blockquote class=\"wp-block-quote is-layout-flow wp-block-quote-is-layout-flow\">\n<p>\u201eMan kann dem Cembalisten Vincent Bernhardt f\u00fcr diesen genialen Fund und f\u00fcr seine weiteren, ebenso genialen Beitr\u00e4ge nur enthusiastisch dankbar sein.\u201c<\/p>\n<cite>Ferruccio Nuzzo, <a href=\"https:\/\/www.grey-panthers.it\/ideas\/cd-di-natale-di-ferruccio-nuzzo-3\/\" target=\"_blank\" rel=\"noreferrer noopener\">Grey Panthers<\/a>, 01\/12\/2021<\/cite><\/blockquote>\n\n\n\n<hr class=\"wp-block-separator has-css-opacity\" \/>\n\n\n\n<blockquote class=\"wp-block-quote is-layout-flow wp-block-quote-is-layout-flow\">\n<p>\u201eMan kann diese gute, gut gespielte Musik einfach genie\u00dfen und sich dabei vorstellen, am weltoffenen Hof von Friedrich August I. von Sachsen zu sein\u201c.<\/p>\n<cite>Jean-Marc Warszawski, <a href=\"https:\/\/www.musicologie.org\/22\/ca_sonate_le_violon_xviiie.html\" target=\"_blank\" rel=\"noreferrer noopener\">musicologie.org<\/a>, 20\/05\/2022<\/cite><\/blockquote>\n\n\n\n<hr class=\"wp-block-separator has-css-opacity\" \/>\n\n\n\n<hr class=\"wp-block-separator has-css-opacity\" \/>\n\n\n\n<hr class=\"wp-block-separator has-css-opacity\" \/>\n\n\n\n<h2 class=\"wp-block-heading\">Ausz\u00fcge:<\/h2>\n\n\n\n<figure class=\"wp-block-embed is-type-rich is-provider-spotify wp-block-embed-spotify wp-embed-aspect-21-9 wp-has-aspect-ratio\"><div class=\"wp-block-embed__wrapper\">\n<iframe title=\"Spotify Embed: Dalla biblioteca di Vivaldi?\" style=\"border-radius: 12px\" width=\"100%\" height=\"352\" frameborder=\"0\" allowfullscreen allow=\"autoplay; clipboard-write; encrypted-media; fullscreen; picture-in-picture\" loading=\"lazy\" src=\"https:\/\/open.spotify.com\/embed\/album\/5eUTvtfhvCcqDFDDB6Mmra?utm_source=oembed\"><\/iframe>\n<\/div><\/figure>\n<\/div>\n<\/div>\n\n\n\n<p><\/p>\n","protected":false},"excerpt":{"rendered":"<p>Diese neue Aufnahme stellt ein unver\u00f6ffentlichtes Manuskript vor, das von einem Sch\u00fcler Vivaldis in aller Eile kopiert wurde! \u00dcberschw\u00e4ngliche Sonaten, die uns in die glitzernde Welt Italiens zu Beginn des &hellip; <\/p>\n<p class=\"link-more\"><a href=\"https:\/\/vincentbernhardt.org\/de\/diskografie\/dalla-biblioteca-di-vivaldi\/\" class=\"more-link\"><span class=\"screen-reader-text\">\u201eDalla biblioteca di Vivaldi?\u201c <\/span>weiterlesen<\/a><\/p>\n","protected":false},"author":3,"featured_media":1977,"parent":849,"menu_order":0,"comment_status":"closed","ping_status":"closed","template":"","meta":{"footnotes":""},"class_list":["post-1970","page","type-page","status-publish","has-post-thumbnail","hentry"],"_links":{"self":[{"href":"https:\/\/vincentbernhardt.org\/de\/wp-json\/wp\/v2\/pages\/1970","targetHints":{"allow":["GET"]}}],"collection":[{"href":"https:\/\/vincentbernhardt.org\/de\/wp-json\/wp\/v2\/pages"}],"about":[{"href":"https:\/\/vincentbernhardt.org\/de\/wp-json\/wp\/v2\/types\/page"}],"author":[{"embeddable":true,"href":"https:\/\/vincentbernhardt.org\/de\/wp-json\/wp\/v2\/users\/3"}],"replies":[{"embeddable":true,"href":"https:\/\/vincentbernhardt.org\/de\/wp-json\/wp\/v2\/comments?post=1970"}],"version-history":[{"count":3,"href":"https:\/\/vincentbernhardt.org\/de\/wp-json\/wp\/v2\/pages\/1970\/revisions"}],"predecessor-version":[{"id":2189,"href":"https:\/\/vincentbernhardt.org\/de\/wp-json\/wp\/v2\/pages\/1970\/revisions\/2189"}],"up":[{"embeddable":true,"href":"https:\/\/vincentbernhardt.org\/de\/wp-json\/wp\/v2\/pages\/849"}],"wp:featuredmedia":[{"embeddable":true,"href":"https:\/\/vincentbernhardt.org\/de\/wp-json\/wp\/v2\/media\/1977"}],"wp:attachment":[{"href":"https:\/\/vincentbernhardt.org\/de\/wp-json\/wp\/v2\/media?parent=1970"}],"curies":[{"name":"wp","href":"https:\/\/api.w.org\/{rel}","templated":true}]}}