
{"id":2022,"date":"2025-06-20T10:35:26","date_gmt":"2025-06-20T08:35:26","guid":{"rendered":"https:\/\/vincentbernhardt.org\/de\/?page_id=2022"},"modified":"2025-06-25T12:17:15","modified_gmt":"2025-06-25T10:17:15","slug":"bach-brandenburgische-konzerte","status":"publish","type":"page","link":"https:\/\/vincentbernhardt.org\/de\/diskografie\/bach-brandenburgische-konzerte\/","title":{"rendered":"Bach: Brandenburgische Konzerte"},"content":{"rendered":"\n<p class=\"has-medium-font-size\"><em>Die Aufnahme dieser \u201eHits\u201c der Barockmusik soll vor allem daran erinnern, dass die Alte Musik nicht ausschlie\u00dflich auf die Verwendung \u201ealter\u201c Instrumente beschr\u00e4nkt ist. Unter der Leitung von Vincent Bernhardt spielt das Kammerorchester aus Klaip\u0117da (Litauen) auf Metallsaiten und \u201emodernen\u201c Instrumenten. Aus der Mischung mit barocken Blasinstrumenten ergibt sich ein vielf\u00e4ltiger, aber koh\u00e4renter musikalischer Diskurs, dem eine Reflexion \u00fcber Fragen der Phrasierung und Artikulation zugrunde liegt und der von der Idee getragen wird, dass sich jeder unabh\u00e4ngig von seinem Instrument mit Bach auseinandersetzen kann.<\/em><\/p>\n\n\n\n<div class=\"wp-block-columns is-layout-flex wp-container-core-columns-is-layout-9d6595d7 wp-block-columns-is-layout-flex\">\n<div class=\"wp-block-column is-layout-flow wp-block-column-is-layout-flow\" style=\"flex-basis:33.33%\">\n<figure class=\"wp-block-image size-full\"><img decoding=\"async\" src=\"https:\/\/vincentbernhardt.org\/wp-content\/uploads\/2024\/05\/Bach-bdb.jpg\" alt=\"\" class=\"wp-image-2162\" \/><\/figure>\n\n\n\n<h2 class=\"wp-block-heading\">Einzelheiten:<\/h2>\n\n\n\n<p>Jahr: 2023<\/p>\n\n\n\n<p>Label : <a href=\"https:\/\/indesenscalliope.com\/boutique\/brandeburg-concertos\/\" target=\"_blank\" rel=\"noreferrer noopener\">Ind\u00e9Sens Calliope<\/a><\/p>\n\n\n\n<p>Werke von: J. S. Bach<\/p>\n\n\n\n<p>K\u00fcnstler: Vincent Bernhardt, Cembalo &amp; Leitung,<br><a href=\"https:\/\/www.koncertusale.lt\/en\/collective\/klaipeda-chamber-orchestra\/\" target=\"_blank\" rel=\"noreferrer noopener\">Klaip\u0117da Kammerorchester<\/a><\/p>\n\n\n\n<p>Doppel-CD<\/p>\n\n\n\n<p>Dauer: <br>1 h 39 min &#8211; 20 Tracks<\/p>\n\n\n\n<h2 class=\"wp-block-heading\">Verf\u00fcgbar bei:<\/h2>\n\n\n\n<div class=\"wp-block-buttons is-layout-flex wp-block-buttons-is-layout-flex\">\n<div class=\"wp-block-button is-style-outline is-style-outline--1\"><a class=\"wp-block-button__link has-text-color wp-element-button\" href=\"https:\/\/open.qobuz.com\/album\/y85w086oeubmc\" style=\"border-radius:4px;color:#e7d3b1\" target=\"_blank\" rel=\"noreferrer noopener\">Qobuz<\/a><\/div>\n\n\n\n<div class=\"wp-block-button is-style-outline is-style-outline--2\"><a class=\"wp-block-button__link has-text-color wp-element-button\" href=\"https:\/\/www.amazon.de\/Brandenburgische-Konzerte-Vincent-Bernhardt\/dp\/B0BSRBDZSL\/\" style=\"border-radius:4px;color:#e7d3b1\" target=\"_blank\" rel=\"noreferrer noopener\">Amazon<\/a><\/div>\n\n\n\n<div class=\"wp-block-button is-style-outline is-style-outline--3\"><a class=\"wp-block-button__link has-text-color wp-element-button\" href=\"https:\/\/music.amazon.fr\/albums\/B0CJ5DYVMH?marketplaceId=A13V1IB3VIYZZH&amp;musicTerritory=FR&amp;ref=dm_sh_jmuTFuh6z7ZqHDSoLx19l7EHw\" style=\"border-radius:4px;color:#e7d3b1\" target=\"_blank\" rel=\"noreferrer noopener\">Amazon Music<\/a><\/div>\n\n\n\n<div class=\"wp-block-button is-style-outline is-style-outline--4\"><a class=\"wp-block-button__link has-text-color wp-element-button\" href=\"https:\/\/youtube.com\/playlist?list=OLAK5uy_nJQJStZx7AC62QlqqnIR64gFXhJPlr6sQ&amp;si=mtvGvqKojidxE8x5\" style=\"border-radius:4px;color:#e7d3b1\" target=\"_blank\" rel=\"noreferrer noopener\">YouTube<\/a><\/div>\n\n\n\n<div class=\"wp-block-button is-style-outline is-style-outline--5\"><a class=\"wp-block-button__link has-text-color wp-element-button\" href=\"https:\/\/music.youtube.com\/playlist?list=OLAK5uy_khKIgsSqTwBn87t9XCqPsQ2jSegYCPchY&amp;si=TkThFXIRREWolLLY\" style=\"border-radius:4px;color:#e7d3b1\" target=\"_blank\" rel=\"noreferrer noopener\">YouTube Music<\/a><\/div>\n\n\n\n<div class=\"wp-block-button is-style-outline is-style-outline--6\"><a class=\"wp-block-button__link has-text-color wp-element-button\" href=\"https:\/\/www.kulturkaufhaus.de\/de\/detail\/ISBN-0650414122067\/Bernhardt\/Brandenburgische-Konzerte?bpmctrl=bpmrownr.4%7Cforeign.516539-1-0-0\" style=\"border-radius:4px;color:#e7d3b1\" target=\"_blank\" rel=\"noreferrer noopener\">Dussmann<\/a><\/div>\n\n\n\n<div class=\"wp-block-button is-style-outline is-style-outline--7\"><a class=\"wp-block-button__link has-text-color wp-element-button\" href=\"https:\/\/www.deezer.com\/fr\/album\/488481425\" style=\"border-radius:4px;color:#e7d3b1\" target=\"_blank\" rel=\"noreferrer noopener\">Deezer<\/a><\/div>\n\n\n\n<div class=\"wp-block-button is-style-outline is-style-outline--8\"><a class=\"wp-block-button__link has-text-color wp-element-button\" href=\"https:\/\/music.apple.com\/fr\/album\/brandenburg-concertos\/1707671768\" style=\"border-radius:4px;color:#e7d3b1\" target=\"_blank\" rel=\"noreferrer noopener\">Apple Music<\/a><\/div>\n\n\n\n<div class=\"wp-block-button is-style-outline is-style-outline--9\"><a class=\"wp-block-button__link has-text-color wp-element-button\" href=\"https:\/\/open.spotify.com\/intl-fr\/album\/41Kk9j9nXKIC53qfne1chg\" style=\"border-radius:4px;color:#e7d3b1\" target=\"_blank\" rel=\"noreferrer noopener\">Spotify<\/a><\/div>\n<\/div>\n<\/div>\n\n\n\n<div class=\"wp-block-column is-layout-flow wp-block-column-is-layout-flow\" style=\"flex-basis:66.66%\">\n<hr class=\"wp-block-separator has-css-opacity\" \/>\n\n\n\n<blockquote class=\"wp-block-quote is-layout-flow wp-block-quote-is-layout-flow\">\n<p>\u201eEine absolute Erfahrung, die es wert ist, entdeckt zu werden, gewarnt\u201c.<\/p>\n<cite><strong>Christophe Steyne, <\/strong><a href=\"https:\/\/www.crescendo-magazine.be\/vincent-bernhardt-retend-les-brandebourgeois-sous-la-haire\/\" target=\"_blank\" rel=\"noreferrer noopener\">Crescendo Magazine<\/a><strong>, 18\/05\/2023<\/strong><\/cite><\/blockquote>\n\n\n\n<hr class=\"wp-block-separator has-css-opacity\" \/>\n\n\n\n<blockquote class=\"wp-block-quote is-layout-flow wp-block-quote-is-layout-flow\">\n<p>\u201eAlles in allem eine gelungene Einspielung, die durch die spielfreudige Frische ihres Quasi-Live-Charakters (auch wenn es sich nicht um einen Konzertmitschnitt handelt) ein hohes Ma\u00df an Spontanit\u00e4t und Lebendigkeit aufweist.\u201c<\/p>\n<cite><strong>Michael Wersin, <a href=\"https:\/\/www.rondomagazin.de\/kritiken.php?kritiken_id=12262\" target=\"_blank\" rel=\"noreferrer noopener\">Rondo Magazin <\/a>22\/04\/2023<\/strong><\/cite><\/blockquote>\n\n\n\n<hr class=\"wp-block-separator has-css-opacity\" \/>\n\n\n\n<blockquote class=\"wp-block-quote is-layout-flow wp-block-quote-is-layout-flow\">\n<p>\u201eDabei verstr\u00f6mt seine Interpretation eine gewisse Gem\u00fctlichkeit, die nach den oft zur Regel gewordenen kontrastreichen, markanten und schnellen Ausf\u00fchrungen barocker Werke andere Perspektiven aufzeigen.\u201c<\/p>\n<cite><strong>Remy Franck, <a href=\"https:\/\/www.pizzicato.lu\/bach-mit-naturlichem-puls-und-mit-gemutlichkeit\/\" target=\"_blank\" rel=\"noreferrer noopener\">Pizzicato<\/a>, 31\/03\/2023<\/strong><\/cite><\/blockquote>\n\n\n\n<blockquote class=\"wp-block-quote is-layout-flow wp-block-quote-is-layout-flow\">\n<p>\u201eMan h\u00f6rt sich das Ganze mit Genuss an.\u201c<\/p>\n<cite><strong>Thierry Vagne, <\/strong><a href=\"https:\/\/vagnethierry.fr\/bach-vincent-bernhardt-olivier-spilmont-stephane-bois\/\" target=\"_blank\" rel=\"noreferrer noopener\">Musique classique &amp; Co.<\/a><strong>, 12\/06\/2023<\/strong><\/cite><\/blockquote>\n\n\n\n<hr class=\"wp-block-separator has-css-opacity\" \/>\n\n\n\n<hr class=\"wp-block-separator has-css-opacity\" \/>\n\n\n\n<h2 class=\"wp-block-heading\">Ausz\u00fcge:<\/h2>\n\n\n\n<figure class=\"wp-block-embed is-type-rich is-provider-spotify wp-block-embed-spotify wp-embed-aspect-21-9 wp-has-aspect-ratio\"><div class=\"wp-block-embed__wrapper\">\n<iframe title=\"Spotify Embed: Brandenburg Concertos\" style=\"border-radius: 12px\" width=\"100%\" height=\"352\" frameborder=\"0\" allowfullscreen allow=\"autoplay; clipboard-write; encrypted-media; fullscreen; picture-in-picture\" loading=\"lazy\" src=\"https:\/\/open.spotify.com\/embed\/album\/41Kk9j9nXKIC53qfne1chg?utm_source=oembed\"><\/iframe>\n<\/div><\/figure>\n<\/div>\n<\/div>\n","protected":false},"excerpt":{"rendered":"<p>Die Aufnahme dieser \u201eHits\u201c der Barockmusik soll vor allem daran erinnern, dass die Alte Musik nicht ausschlie\u00dflich auf die Verwendung \u201ealter\u201c Instrumente beschr\u00e4nkt ist. Unter der Leitung von Vincent Bernhardt &hellip; <\/p>\n<p class=\"link-more\"><a href=\"https:\/\/vincentbernhardt.org\/de\/diskografie\/bach-brandenburgische-konzerte\/\" class=\"more-link\"><span class=\"screen-reader-text\">\u201eBach: Brandenburgische Konzerte\u201c <\/span>weiterlesen<\/a><\/p>\n","protected":false},"author":3,"featured_media":2023,"parent":849,"menu_order":0,"comment_status":"closed","ping_status":"closed","template":"","meta":{"footnotes":""},"class_list":["post-2022","page","type-page","status-publish","has-post-thumbnail","hentry"],"_links":{"self":[{"href":"https:\/\/vincentbernhardt.org\/de\/wp-json\/wp\/v2\/pages\/2022","targetHints":{"allow":["GET"]}}],"collection":[{"href":"https:\/\/vincentbernhardt.org\/de\/wp-json\/wp\/v2\/pages"}],"about":[{"href":"https:\/\/vincentbernhardt.org\/de\/wp-json\/wp\/v2\/types\/page"}],"author":[{"embeddable":true,"href":"https:\/\/vincentbernhardt.org\/de\/wp-json\/wp\/v2\/users\/3"}],"replies":[{"embeddable":true,"href":"https:\/\/vincentbernhardt.org\/de\/wp-json\/wp\/v2\/comments?post=2022"}],"version-history":[{"count":3,"href":"https:\/\/vincentbernhardt.org\/de\/wp-json\/wp\/v2\/pages\/2022\/revisions"}],"predecessor-version":[{"id":2186,"href":"https:\/\/vincentbernhardt.org\/de\/wp-json\/wp\/v2\/pages\/2022\/revisions\/2186"}],"up":[{"embeddable":true,"href":"https:\/\/vincentbernhardt.org\/de\/wp-json\/wp\/v2\/pages\/849"}],"wp:featuredmedia":[{"embeddable":true,"href":"https:\/\/vincentbernhardt.org\/de\/wp-json\/wp\/v2\/media\/2023"}],"wp:attachment":[{"href":"https:\/\/vincentbernhardt.org\/de\/wp-json\/wp\/v2\/media?parent=2022"}],"curies":[{"name":"wp","href":"https:\/\/api.w.org\/{rel}","templated":true}]}}