
{"id":2043,"date":"2025-06-21T11:59:41","date_gmt":"2025-06-21T09:59:41","guid":{"rendered":"https:\/\/vincentbernhardt.org\/de\/?page_id=2043"},"modified":"2025-06-22T11:04:38","modified_gmt":"2025-06-22T09:04:38","slug":"wtk2","status":"publish","type":"page","link":"https:\/\/vincentbernhardt.org\/de\/diskografie\/wtk2\/","title":{"rendered":"Bach: Das Wohltemperierte Klavier &#8211; Teil 2"},"content":{"rendered":"\n<h2 class=\"wp-block-heading\"><em>Das zweite Buch des Wohltemperierten Klaviers wurde in den 1740er Jahren komponiert und zeugt vom Sp\u00e4tstil des Komponisten. Vincent Bernhardt bietet eine Lesung dieses Werkes an, die die Entwicklung des Instrumentariums in dieser Zeit hervorhebt. Er verwendet ein Cembalo und ein Clavichord, aber auch ein Hammerklavier, das nach einem zeitgen\u00f6ssischen Original Bachs kopiert wurde.<\/em><\/h2>\n\n\n\n<div class=\"wp-block-columns is-layout-flex wp-container-core-columns-is-layout-9d6595d7 wp-block-columns-is-layout-flex\">\n<div class=\"wp-block-column is-layout-flow wp-block-column-is-layout-flow\" style=\"flex-basis:33.33%\">\n<figure class=\"wp-block-image size-full\"><img decoding=\"async\" src=\"https:\/\/vincentbernhardt.org\/wp-content\/uploads\/2025\/06\/IC061-Couv-600-2CD-dis-1.jpg\" alt=\"\" class=\"wp-image-2300\" \/><\/figure>\n\n\n\n<h2 class=\"wp-block-heading\">Einzelheiten:<\/h2>\n\n\n\n<p>Jahr: 2025<\/p>\n\n\n\n<p>Label: <a href=\"https:\/\/indesenscalliope.com\/boutique\/le-clavier-bien-tempere-vol-2\/\" target=\"_blank\" rel=\"noreferrer noopener\">Ind\u00e9Sens Calliope<\/a><\/p>\n\n\n\n<p>Werke von: Johann Sebastian Bach<\/p>\n\n\n\n<p>K\u00fcnstler: Vincent Bernhardt. Cembalo, Hammerfl\u00fcgel &amp; Clavichord<\/p>\n\n\n\n<p>Doppel-CD<\/p>\n\n\n\n<p>Dauer: 1h39 &#8211; 48 Tracks<\/p>\n\n\n\n<h2 class=\"wp-block-heading\">Verf\u00fcgbar bei:<\/h2>\n\n\n\n<div class=\"wp-block-buttons is-layout-flex wp-block-buttons-is-layout-flex\">\n<div class=\"wp-block-button is-style-outline is-style-outline--1\"><a class=\"wp-block-button__link has-text-color wp-element-button\" href=\"https:\/\/www.qobuz.com\/fr-fr\/album\/das-wohltemperierte-clavier-teil-2-vincent-bernhardt\/aih1rcl36aanb\" style=\"border-radius:4px;color:#e7d3b1\" target=\"_blank\" rel=\"noreferrer noopener\">Qobuz<\/a><\/div>\n\n\n\n<div class=\"wp-block-button is-style-outline is-style-outline--2\"><a class=\"wp-block-button__link has-text-color wp-element-button\" href=\"https:\/\/www.kulturkaufhaus.de\/de\/detail\/ISBN-0650414461067\/Bernhardt\/Das-wohltemperierte-Klavier-Buch-2\" style=\"border-radius:4px;color:#e7d3b1\" target=\"_blank\" rel=\"noreferrer noopener\">Dussmann<\/a><\/div>\n\n\n\n<div class=\"wp-block-button is-style-outline is-style-outline--3\"><a class=\"wp-block-button__link has-text-color wp-element-button\" href=\"https:\/\/music.amazon.fr\/albums\/B0DX7JBTBQ\" style=\"border-radius:4px;color:#e7d3b1\" target=\"_blank\" rel=\"noreferrer noopener\">Amazon Music<\/a><\/div>\n\n\n\n<div class=\"wp-block-button is-style-outline is-style-outline--4\"><a class=\"wp-block-button__link has-text-color wp-element-button\" href=\"https:\/\/youtube.com\/playlist?list=OLAK5uy_k4cfJtEQ4PhPbrqOZH4mP_Nx3qs6fmRP8&amp;si=RJFZOWJJF2_pefdZ\" style=\"border-radius:4px;color:#e7d3b1\" target=\"_blank\" rel=\"noreferrer noopener\">YouTube<\/a><\/div>\n\n\n\n<div class=\"wp-block-button is-style-outline is-style-outline--5\"><a class=\"wp-block-button__link has-text-color wp-element-button\" href=\"https:\/\/music.youtube.com\/playlist?list=OLAK5uy_lh6nSvwaRcVHKbdTrmrlbz9U8jyBbXgbs&amp;si=FTmZBjMM34EcNcgW\" style=\"border-radius:4px;color:#e7d3b1\" target=\"_blank\" rel=\"noreferrer noopener\">YouTube Music<\/a><\/div>\n\n\n\n<div class=\"wp-block-button is-style-outline is-style-outline--6\"><a class=\"wp-block-button__link has-text-color wp-element-button\" href=\"https:\/\/www.deezer.com\/fr\/album\/713223471\" style=\"border-radius:4px;color:#e7d3b1\" target=\"_blank\" rel=\"noreferrer noopener\">Deezer<\/a><\/div>\n\n\n\n<div class=\"wp-block-button is-style-outline is-style-outline--7\"><a class=\"wp-block-button__link has-text-color wp-element-button\" href=\"https:\/\/music.apple.com\/gb\/album\/das-wohltemperierte-klavier-teil-1\/1520300548?uo=4&amp;app=music\" style=\"border-radius:4px;color:#e7d3b1\" target=\"_blank\" rel=\"noreferrer noopener\">Apple Music<\/a><\/div>\n\n\n\n<div class=\"wp-block-button is-style-outline is-style-outline--8\"><a class=\"wp-block-button__link has-text-color wp-element-button\" href=\"https:\/\/open.spotify.com\/intl-fr\/album\/4vYIJoILcyAz1gRZQbnaDi\" style=\"border-radius:4px;color:#e7d3b1\" target=\"_blank\" rel=\"noreferrer noopener\">Spotify<\/a><\/div>\n<\/div>\n<\/div>\n\n\n\n<div class=\"wp-block-column is-layout-flow wp-block-column-is-layout-flow\" style=\"flex-basis:66.66%\">\n<hr class=\"wp-block-separator has-css-opacity\" \/>\n\n\n\n<blockquote class=\"wp-block-quote is-layout-flow wp-block-quote-is-layout-flow\">\n<p>\u201e[Vincent Bernhardt] hat sich seine Vision von Bachs Werk sehr gut \u00fcberlegt. Er bietet uns eine wahre und sch\u00f6ne Reise in das Zeitalter der Aufkl\u00e4rung.\u201c<\/p>\n<cite>Bruno Chiro, <a href=\"http:\/\/www.bla-bla-blog.com\/archive\/2025\/04\/18\/vincent-bernhardt-bach-le-clavier-bien-tempere-avis-critique-6541707.html\" target=\"_blank\" rel=\"noreferrer noopener\">Bla Bla Blog<\/a>, 18\/04\/2025<\/cite><\/blockquote>\n\n\n\n<hr class=\"wp-block-separator has-css-opacity\" \/>\n\n\n\n<blockquote class=\"wp-block-quote is-layout-flow wp-block-quote-is-layout-flow\">\n<p>\u201eEin Album, das nicht didaktisch ist, sondern das Werk und die Instrumente der damaligen Zeit hinterfragt.\u201c<\/p>\n<cite>Thierry Vagne, <a href=\"https:\/\/vagnethierry.fr\/nouveautes-vincent-bernhardt\/\" target=\"_blank\" rel=\"noreferrer noopener\">Musique classique &amp; Co.<\/a>, 15\/04\/2025<\/cite><\/blockquote>\n\n\n\n<hr class=\"wp-block-separator has-css-opacity\" \/>\n\n\n\n<h2 class=\"wp-block-heading\">Ausz\u00fcge:<\/h2>\n\n\n\n<figure class=\"wp-block-embed is-type-rich is-provider-spotify wp-block-embed-spotify wp-embed-aspect-21-9 wp-has-aspect-ratio\"><div class=\"wp-block-embed__wrapper\">\n<iframe title=\"Spotify Embed: Das Wohltemperierte Clavier, Teil 2\" style=\"border-radius: 12px\" width=\"100%\" height=\"352\" frameborder=\"0\" allowfullscreen allow=\"autoplay; clipboard-write; encrypted-media; fullscreen; picture-in-picture\" loading=\"lazy\" src=\"https:\/\/open.spotify.com\/embed\/album\/4vYIJoILcyAz1gRZQbnaDi?utm_source=oembed\"><\/iframe>\n<\/div><\/figure>\n<\/div>\n<\/div>\n\n\n\n<p><\/p>\n","protected":false},"excerpt":{"rendered":"<p>Das zweite Buch des Wohltemperierten Klaviers wurde in den 1740er Jahren komponiert und zeugt vom Sp\u00e4tstil des Komponisten. Vincent Bernhardt bietet eine Lesung dieses Werkes an, die die Entwicklung des &hellip; <\/p>\n<p class=\"link-more\"><a href=\"https:\/\/vincentbernhardt.org\/de\/diskografie\/wtk2\/\" class=\"more-link\"><span class=\"screen-reader-text\">\u201eBach: Das Wohltemperierte Klavier &#8211; Teil 2\u201c <\/span>weiterlesen<\/a><\/p>\n","protected":false},"author":3,"featured_media":2074,"parent":849,"menu_order":0,"comment_status":"closed","ping_status":"closed","template":"","meta":{"footnotes":""},"class_list":["post-2043","page","type-page","status-publish","has-post-thumbnail","hentry"],"_links":{"self":[{"href":"https:\/\/vincentbernhardt.org\/de\/wp-json\/wp\/v2\/pages\/2043","targetHints":{"allow":["GET"]}}],"collection":[{"href":"https:\/\/vincentbernhardt.org\/de\/wp-json\/wp\/v2\/pages"}],"about":[{"href":"https:\/\/vincentbernhardt.org\/de\/wp-json\/wp\/v2\/types\/page"}],"author":[{"embeddable":true,"href":"https:\/\/vincentbernhardt.org\/de\/wp-json\/wp\/v2\/users\/3"}],"replies":[{"embeddable":true,"href":"https:\/\/vincentbernhardt.org\/de\/wp-json\/wp\/v2\/comments?post=2043"}],"version-history":[{"count":3,"href":"https:\/\/vincentbernhardt.org\/de\/wp-json\/wp\/v2\/pages\/2043\/revisions"}],"predecessor-version":[{"id":2093,"href":"https:\/\/vincentbernhardt.org\/de\/wp-json\/wp\/v2\/pages\/2043\/revisions\/2093"}],"up":[{"embeddable":true,"href":"https:\/\/vincentbernhardt.org\/de\/wp-json\/wp\/v2\/pages\/849"}],"wp:featuredmedia":[{"embeddable":true,"href":"https:\/\/vincentbernhardt.org\/de\/wp-json\/wp\/v2\/media\/2074"}],"wp:attachment":[{"href":"https:\/\/vincentbernhardt.org\/de\/wp-json\/wp\/v2\/media?parent=2043"}],"curies":[{"name":"wp","href":"https:\/\/api.w.org\/{rel}","templated":true}]}}