
{"id":2054,"date":"2025-06-21T13:38:18","date_gmt":"2025-06-21T11:38:18","guid":{"rendered":"https:\/\/vincentbernhardt.org\/de\/?page_id=2054"},"modified":"2025-06-25T12:21:21","modified_gmt":"2025-06-25T10:21:21","slug":"handel-oboenkonzerte","status":"publish","type":"page","link":"https:\/\/vincentbernhardt.org\/de\/diskografie\/handel-oboenkonzerte\/","title":{"rendered":"H\u00e4ndel: Oboenkonzerte"},"content":{"rendered":"\n<div class=\"wp-block-columns is-layout-flex wp-container-core-columns-is-layout-9d6595d7 wp-block-columns-is-layout-flex\">\n<div class=\"wp-block-column is-layout-flow wp-block-column-is-layout-flow\" style=\"flex-basis:33.33%\">\n<figure class=\"wp-block-image size-full\"><img decoding=\"async\" src=\"https:\/\/vincentbernhardt.org\/wp-content\/uploads\/2025\/06\/Haendel-Concertos-Pour-Hautbois-Cover-dis.jpg\" alt=\"\" class=\"wp-image-2408\" \/><\/figure>\n\n\n\n<h2 class=\"wp-block-heading\">Einzelheiten:<\/h2>\n\n\n\n<p>Jahr: 2022<\/p>\n\n\n\n<p>Label: <a href=\"https:\/\/www.brilliantclassics.com\/articles\/h\/handel-oboe-concertos\/\" target=\"_blank\" rel=\"noreferrer noopener\">Brilliant Classics<\/a><\/p>\n\n\n\n<p>Werke von: Georg Friedrich H\u00e4ndel<\/p>\n\n\n\n<p>K\u00fcnstler: Andrius Puskunigis, Oboe &amp; Oboe d&#8217;amore,<br>Vincent Bernhardt, Cembalo &amp; Leitung<br><a href=\"https:\/\/www.koncertusale.lt\/en\/collective\/klaipeda-chamber-orchestra\/\">Klaip\u0117da Kammerorchester<\/a><\/p>\n\n\n\n<p>Dauer: 1\u00a0h04 &#8211; 22 Tracks<\/p>\n\n\n\n<h2 class=\"wp-block-heading\">Verf\u00fcgbar bei:<\/h2>\n\n\n\n<div class=\"wp-block-buttons is-layout-flex wp-block-buttons-is-layout-flex\">\n<div class=\"wp-block-button is-style-outline is-style-outline--1\"><a class=\"wp-block-button__link has-text-color wp-element-button\" href=\"https:\/\/www.jpc.de\/jpcng\/classic\/detail\/-\/art\/handel-oboe-concertos\/hnum\/11734573\" style=\"border-radius:4px;color:#e7d3b1\" target=\"_blank\" rel=\"noreferrer noopener\">JPC<\/a><\/div>\n\n\n\n<div class=\"wp-block-button is-style-outline is-style-outline--2\"><a class=\"wp-block-button__link has-text-color wp-element-button\" href=\"https:\/\/www.amazon.fr\/Handel-Oboe-Concertos-Andrius-Puskunigis\/dp\/B0CSJ5L58C\/\" style=\"border-radius:4px;color:#e7d3b1\" target=\"_blank\" rel=\"noreferrer noopener\">Amazon<\/a><\/div>\n\n\n\n<div class=\"wp-block-button is-style-outline is-style-outline--3\"><a class=\"wp-block-button__link has-text-color wp-element-button\" href=\"https:\/\/music.amazon.fr\/albums\/B0B1JRQPDR\" style=\"border-radius:4px;color:#e7d3b1\" target=\"_blank\" rel=\"noreferrer noopener\">Amazon Music<\/a><\/div>\n\n\n\n<div class=\"wp-block-button is-style-outline is-style-outline--4\"><a class=\"wp-block-button__link has-text-color wp-element-button\" href=\"https:\/\/music.youtube.com\/playlist?list=OLAK5uy_k3J3JOgGp5uYKQqxkPjN9878fSceCHk3I\" style=\"border-radius:4px;color:#e7d3b1\" target=\"_blank\" rel=\"noreferrer noopener\">YouTube Music<\/a><\/div>\n\n\n\n<div class=\"wp-block-button is-style-outline is-style-outline--5\"><a class=\"wp-block-button__link has-text-color wp-element-button\" href=\"https:\/\/www.youtube.com\/watch?v=dJt4RLP3KT8\" style=\"border-radius:4px;color:#e7d3b1\" target=\"_blank\" rel=\"noreferrer noopener\">YouTube<\/a><\/div>\n\n\n\n<div class=\"wp-block-button is-style-outline is-style-outline--6\"><a class=\"wp-block-button__link has-text-color wp-element-button\" href=\"https:\/\/www.deezer.com\/album\/319582617\" style=\"border-radius:4px;color:#e7d3b1\" target=\"_blank\" rel=\"noreferrer noopener\">Deezer<\/a><\/div>\n\n\n\n<div class=\"wp-block-button is-style-outline is-style-outline--7\"><a class=\"wp-block-button__link has-text-color wp-element-button\" href=\"https:\/\/music.apple.com\/album\/handel-oboe-concertos\/1624900845\" style=\"border-radius:4px;color:#e7d3b1\" target=\"_blank\" rel=\"noreferrer noopener\">Apple Music<\/a><\/div>\n\n\n\n<div class=\"wp-block-button is-style-outline is-style-outline--8\"><a class=\"wp-block-button__link has-text-color wp-element-button\" href=\"https:\/\/open.spotify.com\/album\/6CyYye9AOrng3cvwIuLHfL\" style=\"border-radius:4px;color:#e7d3b1\" target=\"_blank\" rel=\"noreferrer noopener\">Spotify<\/a><\/div>\n<\/div>\n<\/div>\n\n\n\n<div class=\"wp-block-column is-layout-flow wp-block-column-is-layout-flow\" style=\"flex-basis:66.66%\">\n<figure class=\"wp-block-embed is-type-video is-provider-youtube wp-block-embed-youtube wp-embed-aspect-16-9 wp-has-aspect-ratio\"><div class=\"wp-block-embed__wrapper\">\n<iframe loading=\"lazy\" title=\"Handel: Oboe Concertos\" width=\"525\" height=\"295\" src=\"https:\/\/www.youtube.com\/embed\/dJt4RLP3KT8?feature=oembed\" frameborder=\"0\" allow=\"accelerometer; autoplay; clipboard-write; encrypted-media; gyroscope; picture-in-picture; web-share\" referrerpolicy=\"strict-origin-when-cross-origin\" allowfullscreen><\/iframe>\n<\/div><\/figure>\n\n\n\n<hr class=\"wp-block-separator has-css-opacity\" \/>\n\n\n\n<p>Dieses Album ist H\u00e4ndels konzertanter Musik f\u00fcr Oboe solo gewidmet, von der nur einige wenige Konzerte erhalten sind. Er war dem Instrument besonders zugetan und wies ihm in seinen Oratorien, Opern, Concerti grossi und Sonaten zahlreiche Soli zu. \u00dcber seine fr\u00fchen Oboenwerke soll er sogar gesagt haben: \u201eIch habe damals wie der D-v [Teufel] geschrieben, aber haupts\u00e4chlich f\u00fcr die Oboe, die mein Lieblingsinstrument war\u201c.<\/p>\n\n\n\n<p>Seine etwa 20 Konzerte f\u00fcr ein Soloinstrument sind haupts\u00e4chlich f\u00fcr die Orgel geschrieben, darunter nur ein Violinkonzert und drei Oboenkonzerte (HWV 301, 302a und 287). Das letztere, das hier vorgestellt wird, ist das bekannteste, da es auch in Transkriptionen f\u00fcr andere Instrumente vorliegt.<\/p>\n\n\n\n<p>Weitere Oboenkonzerte wurden H\u00e4ndel von den Musikwissenschaftlern Fritz Stein und Fulvio &amp; Sandro Caldini zugeschrieben: eines in Es-Dur und zwei weitere in c-Moll, die hier beide in Weltersteinspielungen pr\u00e4sentiert werden.<\/p>\n\n\n\n<p>Die 6 Concerti grossi op. 3 bilden die erste gedruckte Sammlung von H\u00e4ndels Orchesterkompositionen. Der fr\u00fcher als \u201eOboenkonzerte\u201c bekannte Band wurde 1734 von John Walsh &#8211; nicht unbedingt auf Initiative des Komponisten &#8211; aus einer Vielzahl von St\u00fccken ver\u00f6ffentlicht, die \u00fcber einen Zeitraum von etwa 20 Jahren komponiert worden waren. Die Orchestrierung in der Walsh-Ausgabe ist besonders wenig \u00fcberzeugend, mit zahlreichen Oktavverdoppelungen und dem weitgehenden Fehlen von Elementen, die f\u00fcr den konzertanten Stil typisch sind. Vincent Bernhardt hat daher eine neue Instrumentation vorgeschlagen, die nach dem Prinzip des Dialogs zwischen den Gruppen organisiert ist, das die konzertante Sprache dieser Zeit kennzeichnet. Dem Werk geht ein improvisiertes Theorbevorspiel voraus.<\/p>\n\n\n\n<p>Um H\u00e4ndels Oboenrepertoire zu erweitern, haben die K\u00fcnstler zwei Konzerte f\u00fcr Oboe und Oboe d&#8217;amore aus acht ausgew\u00e4hlten S\u00e4tzen zusammengestellt, die im Wesentlichen auf Kastratenarien aus den Opern basieren, eine Praxis, die den zu H\u00e4ndels Zeiten entstandenen Pasticcios entspricht.<\/p>\n\n\n\n<p>Dieses Album pr\u00e4sentiert den Korpus der Oboenkonzerte von Georg Friedrich H\u00e4ndel (1685-1759), von denen leider nur wenige Originalwerke erhalten geblieben sind. Der Komponist war jedoch diesem Instrument besonders zugetan und lernte es von seinem Lehrer, dem Organisten Friedrich Zachow, zu spielen. Er gab ihr viele Solopartien in Oratorien, Opern, Concerti grossi und Sonaten und soll \u00fcber seine fr\u00fchen Werke f\u00fcr Oboe gesagt haben: \u201eIch habe damals wie der D-v [Teufel] geschrieben, aber haupts\u00e4chlich f\u00fcr die Oboe, die mein Lieblingsinstrument war.\u201c<\/p>\n\n\n\n<p>Das Oboenkonzert in g-Moll ist sein bekanntestes, au\u00dferdem h\u00f6ren wir zwei Concerto-Pasticcio&#8217;s f\u00fcr Oboe und Streicher, ein Concerto a Cinque in c-Moll, ein Concerto in c-Moll und die Bearbeitung des Concerto grosso Op. 3 Nr. 3 f\u00fcr Oboe und Streicher.<\/p>\n\n\n\n<p>Hervorragende Leistungen von Andrius Puskunigis und dem Klaip\u0117da Chamber Orchestra, die den Grunds\u00e4tzen der historisch informierten Auff\u00fchrungspraxis folgen und gleichzeitig moderne Instrumente spielen. Puskunigis&#8216; fr\u00fchere Einspielung der Oboenkonzerte von Bach (BC 94991) und Telemann erhielt hervorragende Kritiken, in denen seine Vitalit\u00e4t, Flexibilit\u00e4t und \u201eSpielfreude\u201c gelobt wurden.<\/p>\n\n\n\n<hr class=\"wp-block-separator has-alpha-channel-opacity\" \/>\n\n\n\n<h2 class=\"wp-block-heading\">Ausz\u00fcge:<\/h2>\n\n\n\n<figure class=\"wp-block-embed is-type-rich is-provider-spotify wp-block-embed-spotify wp-embed-aspect-21-9 wp-has-aspect-ratio\"><div class=\"wp-block-embed__wrapper\">\n<iframe title=\"Spotify Embed: Handel: Oboe Concertos\" style=\"border-radius: 12px\" width=\"100%\" height=\"352\" frameborder=\"0\" allowfullscreen allow=\"autoplay; clipboard-write; encrypted-media; fullscreen; picture-in-picture\" loading=\"lazy\" src=\"https:\/\/open.spotify.com\/embed\/album\/6CyYye9AOrng3cvwIuLHfL?utm_source=oembed\"><\/iframe>\n<\/div><\/figure>\n<\/div>\n<\/div>\n","protected":false},"excerpt":{"rendered":"<p>Einzelheiten: Jahr: 2022 Label: Brilliant Classics Werke von: Georg Friedrich H\u00e4ndel K\u00fcnstler: Andrius Puskunigis, Oboe &amp; Oboe d&#8217;amore,Vincent Bernhardt, Cembalo &amp; LeitungKlaip\u0117da Kammerorchester Dauer: 1\u00a0h04 &#8211; 22 Tracks Verf\u00fcgbar bei: &hellip; <\/p>\n<p class=\"link-more\"><a href=\"https:\/\/vincentbernhardt.org\/de\/diskografie\/handel-oboenkonzerte\/\" class=\"more-link\"><span class=\"screen-reader-text\">\u201eH\u00e4ndel: Oboenkonzerte\u201c <\/span>weiterlesen<\/a><\/p>\n","protected":false},"author":3,"featured_media":2055,"parent":849,"menu_order":0,"comment_status":"closed","ping_status":"closed","template":"","meta":{"footnotes":""},"class_list":["post-2054","page","type-page","status-publish","has-post-thumbnail","hentry"],"_links":{"self":[{"href":"https:\/\/vincentbernhardt.org\/de\/wp-json\/wp\/v2\/pages\/2054","targetHints":{"allow":["GET"]}}],"collection":[{"href":"https:\/\/vincentbernhardt.org\/de\/wp-json\/wp\/v2\/pages"}],"about":[{"href":"https:\/\/vincentbernhardt.org\/de\/wp-json\/wp\/v2\/types\/page"}],"author":[{"embeddable":true,"href":"https:\/\/vincentbernhardt.org\/de\/wp-json\/wp\/v2\/users\/3"}],"replies":[{"embeddable":true,"href":"https:\/\/vincentbernhardt.org\/de\/wp-json\/wp\/v2\/comments?post=2054"}],"version-history":[{"count":3,"href":"https:\/\/vincentbernhardt.org\/de\/wp-json\/wp\/v2\/pages\/2054\/revisions"}],"predecessor-version":[{"id":2190,"href":"https:\/\/vincentbernhardt.org\/de\/wp-json\/wp\/v2\/pages\/2054\/revisions\/2190"}],"up":[{"embeddable":true,"href":"https:\/\/vincentbernhardt.org\/de\/wp-json\/wp\/v2\/pages\/849"}],"wp:featuredmedia":[{"embeddable":true,"href":"https:\/\/vincentbernhardt.org\/de\/wp-json\/wp\/v2\/media\/2055"}],"wp:attachment":[{"href":"https:\/\/vincentbernhardt.org\/de\/wp-json\/wp\/v2\/media?parent=2054"}],"curies":[{"name":"wp","href":"https:\/\/api.w.org\/{rel}","templated":true}]}}