
{"id":892,"date":"2020-07-08T21:58:49","date_gmt":"2020-07-08T19:58:49","guid":{"rendered":"http:\/\/vincentbernhardt.org\/?page_id=892"},"modified":"2025-06-25T12:27:13","modified_gmt":"2025-06-25T10:27:13","slug":"vivaldi-concerti-di-parigi","status":"publish","type":"page","link":"https:\/\/vincentbernhardt.org\/de\/diskografie\/vivaldi-concerti-di-parigi\/","title":{"rendered":"Vivaldi: Concerti di Parigi"},"content":{"rendered":"\n<h2 class=\"wp-block-heading\">Dieses Manuskript, das zum ersten Mal von einem franz\u00f6sischen Barockensemble vollst\u00e4ndig aufgenommen wurde und im 18. Jahrhundert auf mysteri\u00f6se Weise in Paris ankam, wirft ein besonderes Licht auf die Produktion des &#8222;Roten Priesters&#8220;.<\/h2>\n\n\n\n<div class=\"wp-block-columns is-layout-flex wp-container-core-columns-is-layout-9d6595d7 wp-block-columns-is-layout-flex\">\n<div class=\"wp-block-column is-layout-flow wp-block-column-is-layout-flow\" style=\"flex-basis:33.33%\">\n<figure class=\"wp-block-image size-full\"><img loading=\"lazy\" decoding=\"async\" width=\"600\" height=\"600\" src=\"http:\/\/vincentbernhardt.org\/de\/wp-content\/uploads\/sites\/3\/2025\/06\/CAL1740-cover-dis-1.jpg\" alt=\"\" class=\"wp-image-2028\" srcset=\"https:\/\/vincentbernhardt.org\/de\/wp-content\/uploads\/sites\/3\/2025\/06\/CAL1740-cover-dis-1.jpg 600w, https:\/\/vincentbernhardt.org\/de\/wp-content\/uploads\/sites\/3\/2025\/06\/CAL1740-cover-dis-1-300x300.jpg 300w, https:\/\/vincentbernhardt.org\/de\/wp-content\/uploads\/sites\/3\/2025\/06\/CAL1740-cover-dis-1-150x150.jpg 150w, https:\/\/vincentbernhardt.org\/de\/wp-content\/uploads\/sites\/3\/2025\/06\/CAL1740-cover-dis-1-100x100.jpg 100w\" sizes=\"auto, (max-width: 600px) 100vw, 600px\" \/><\/figure>\n\n\n\n<h2 class=\"wp-block-heading\">Einzelheiten:<\/h2>\n\n\n\n<p>Jahr: 2017<\/p>\n\n\n\n<p>Label: <a href=\"https:\/\/indesenscalliope.com\/boutique\/vivaldi-concerti-di-parigi\/\" target=\"_blank\" rel=\"noreferrer noopener\">Calliope<\/a><\/p>\n\n\n\n<p>Werke von: Antonio Vivaldi<\/p>\n\n\n\n<p>K\u00fcnstler:<br>Vincent Bernhardt, Cembalo &amp; Leitung<br>Il delirio fantastico<\/p>\n\n\n\n<p>Dauer: 1h06 &#8211; 36 Tracks<\/p>\n\n\n\n<h2 class=\"wp-block-heading\">Verf\u00fcgbar bei:<\/h2>\n\n\n\n<div class=\"wp-block-buttons is-layout-flex wp-block-buttons-is-layout-flex\">\n<div class=\"wp-block-button is-style-outline is-style-outline--1\"><a class=\"wp-block-button__link has-text-color wp-element-button\" href=\"https:\/\/www.qobuz.com\/album\/vivaldi-concerti-di-parigi-vincent-bernhardt-il-delirio-fantastico\/3760039833112\" style=\"border-radius:4px;color:#e7d3b1\" target=\"_blank\" rel=\"noreferrer noopener\">Qobuz<\/a><\/div>\n\n\n\n<div class=\"wp-block-button is-style-outline is-style-outline--2\"><a class=\"wp-block-button__link has-text-color wp-element-button\" href=\"https:\/\/www.amazon.de\/Concerti-Parigi-Vincent-Bernhardt\/dp\/B06XTNXMGX\/ref=sr_1_1?__mk_de_DE=%C3%85M%C3%85%C5%BD%C3%95%C3%91&amp;crid=1KYPJ2FWWFAAM&amp;dib=eyJ2IjoiMSJ9.ULXt72M9LYwmcXh3cn6yye_Ydy1j4dEDIednXYH58OkATNsBvOq7YH-F3VV4PLiipdWRV4gcN5WFKrjv0crUSJ38EKR0Xops8oZf-TNfzbdftumSy8jI5pg0oGEhXGnUaFqyYar_iKuhQYqBqO1GV72Dx80jSJC-u6Pw3SEEcBkaVE2nDE41jMbeFiTnbBLmg2tPCFv70MBQIIS7K4TxYq5Il-khQSOL3-LiLlDBy_4.TWsI8keeEIeB3eBdSbaMfIDeQGEz6CSpJ-TcFL60ed4&amp;dib_tag=se&amp;keywords=concerti+di+parigi+delirio&amp;qid=1750583616&amp;sprefix=concerti+di+parigi+delirio%2Caps%2C1008&amp;sr=8-1\" style=\"border-radius:4px;color:#e7d3b1\" target=\"_blank\" rel=\"noreferrer noopener\">Amazon<\/a><\/div>\n\n\n\n<div class=\"wp-block-button is-style-outline is-style-outline--3\"><a class=\"wp-block-button__link has-text-color wp-element-button\" href=\"https:\/\/www.deezer.com\/album\/15632884\" style=\"border-radius:4px;color:#e7d3b1\" target=\"_blank\" rel=\"noreferrer noopener\">Deezer<\/a><\/div>\n\n\n\n<div class=\"wp-block-button is-style-outline is-style-outline--4\"><a class=\"wp-block-button__link has-text-color wp-element-button\" href=\"https:\/\/music.apple.com\/album\/vivaldi-concerti-di-parigi\/1216530928\" style=\"border-radius:4px;color:#e7d3b1\" target=\"_blank\" rel=\"noreferrer noopener\">Apple Music<\/a><\/div>\n\n\n\n<div class=\"wp-block-button is-style-outline is-style-outline--5\"><a class=\"wp-block-button__link has-text-color wp-element-button\" href=\"https:\/\/open.spotify.com\/album\/6nU1ZflizuUSNEE8k7I5qZ\" style=\"border-radius:4px;color:#e7d3b1\" target=\"_blank\" rel=\"noreferrer noopener\">Spotify<\/a><\/div>\n<\/div>\n<\/div>\n\n\n\n<div class=\"wp-block-column is-layout-flow wp-block-column-is-layout-flow\" style=\"flex-basis:66.66%\">\n<figure class=\"wp-block-embed is-type-video is-provider-youtube wp-block-embed-youtube wp-embed-aspect-16-9 wp-has-aspect-ratio\"><div class=\"wp-block-embed__wrapper\">\n<iframe loading=\"lazy\" title=\"Il delirio fantastico : Vivaldi, Concerti di Parigi\" width=\"525\" height=\"295\" src=\"https:\/\/www.youtube.com\/embed\/XdrsFyGsrhY?feature=oembed\" frameborder=\"0\" allow=\"accelerometer; autoplay; clipboard-write; encrypted-media; gyroscope; picture-in-picture; web-share\" referrerpolicy=\"strict-origin-when-cross-origin\" allowfullscreen><\/iframe>\n<\/div><\/figure>\n\n\n\n<blockquote class=\"wp-block-quote is-style-default is-layout-flow wp-block-quote-is-layout-flow\">\n<p>\u201eMan kann diese sehr gute Platte nur empfehlen.\u201c<\/p>\n<cite>S\u00e9bastien Gauthier, <a href=\"https:\/\/www.concertonet.com\/scripts\/cd.php?ID_cd=4007\" target=\"_blank\" rel=\"noreferrer noopener\">ConcertoNet<\/a>, 06\/04\/2017<\/cite><\/blockquote>\n\n\n\n<hr class=\"wp-block-separator has-css-opacity\" \/>\n\n\n\n<blockquote class=\"wp-block-quote is-style-default is-layout-flow wp-block-quote-is-layout-flow\">\n<p>&#8222;Voller Lebendigkeit zeigt die junge Formation Il delirio fantastico eine beeindruckende Reife. [&#8230;] Il delirio fantastico beeindruckt auf dieser ersten CD durch ihren Zusammenhalt und die Flexibilit\u00e4t, mit der sie dieses Repertoire angehen.&#8220;<\/p>\n<cite>Philippe Venturini, Classica, 05\/2017 (\u00ab&nbsp;CHOC&nbsp;\u00bb)<\/cite><\/blockquote>\n\n\n\n<hr class=\"wp-block-separator has-css-opacity\" \/>\n\n\n\n<blockquote class=\"wp-block-quote is-style-default is-layout-flow wp-block-quote-is-layout-flow\">\n<p>&#8222;Es ist ein Album, das mit seiner Inbrunst, \u00dcberzeugung und Frische ein kleines Gl\u00fcck ist. [&#8230;] Eine Interpretation, die beeindruckt.&#8220;<\/p>\n<cite>Ici-musique &#8211; Radio Canada, 2017<\/cite><\/blockquote>\n\n\n\n<hr class=\"wp-block-separator has-css-opacity\" \/>\n\n\n\n<blockquote class=\"wp-block-quote is-style-default is-layout-flow wp-block-quote-is-layout-flow\">\n<p>\u201estilistisch sehr treffsicher [&#8230;] 10\/10\u201c<\/p>\n<cite>Dominique Lawalr\u00e9e, <a href=\"https:\/\/www.crescendo-magazine.be\/concertos-parisiens\/\" target=\"_blank\" rel=\"noreferrer noopener\">Crescendo Magazine<\/a>, 04\/08\/2017&nbsp;<\/cite><\/blockquote>\n\n\n\n<hr class=\"wp-block-separator has-css-opacity\" \/>\n\n\n\n<h2 class=\"wp-block-heading\">Ausz\u00fcge:<\/h2>\n\n\n\n<figure class=\"wp-block-embed is-type-rich is-provider-spotify wp-block-embed-spotify wp-embed-aspect-21-9 wp-has-aspect-ratio\"><div class=\"wp-block-embed__wrapper\">\n<iframe title=\"Spotify Embed: Vivaldi: Concerti di Parigi\" style=\"border-radius: 12px\" width=\"100%\" height=\"352\" frameborder=\"0\" allowfullscreen allow=\"autoplay; clipboard-write; encrypted-media; fullscreen; picture-in-picture\" loading=\"lazy\" src=\"https:\/\/open.spotify.com\/embed\/album\/6nU1ZflizuUSNEE8k7I5qZ?utm_source=oembed\"><\/iframe>\n<\/div><\/figure>\n<\/div>\n<\/div>\n","protected":false},"excerpt":{"rendered":"<p>Dieses Manuskript, das zum ersten Mal von einem franz\u00f6sischen Barockensemble vollst\u00e4ndig aufgenommen wurde und im 18. Jahrhundert auf mysteri\u00f6se Weise in Paris ankam, wirft ein besonderes Licht auf die Produktion &hellip; <\/p>\n<p class=\"link-more\"><a href=\"https:\/\/vincentbernhardt.org\/de\/diskografie\/vivaldi-concerti-di-parigi\/\" class=\"more-link\"><span class=\"screen-reader-text\">\u201eVivaldi: Concerti di Parigi\u201c <\/span>weiterlesen<\/a><\/p>\n","protected":false},"author":2,"featured_media":937,"parent":849,"menu_order":0,"comment_status":"closed","ping_status":"closed","template":"","meta":{"footnotes":""},"class_list":["post-892","page","type-page","status-publish","has-post-thumbnail","hentry"],"_links":{"self":[{"href":"https:\/\/vincentbernhardt.org\/de\/wp-json\/wp\/v2\/pages\/892","targetHints":{"allow":["GET"]}}],"collection":[{"href":"https:\/\/vincentbernhardt.org\/de\/wp-json\/wp\/v2\/pages"}],"about":[{"href":"https:\/\/vincentbernhardt.org\/de\/wp-json\/wp\/v2\/types\/page"}],"author":[{"embeddable":true,"href":"https:\/\/vincentbernhardt.org\/de\/wp-json\/wp\/v2\/users\/2"}],"replies":[{"embeddable":true,"href":"https:\/\/vincentbernhardt.org\/de\/wp-json\/wp\/v2\/comments?post=892"}],"version-history":[{"count":3,"href":"https:\/\/vincentbernhardt.org\/de\/wp-json\/wp\/v2\/pages\/892\/revisions"}],"predecessor-version":[{"id":2193,"href":"https:\/\/vincentbernhardt.org\/de\/wp-json\/wp\/v2\/pages\/892\/revisions\/2193"}],"up":[{"embeddable":true,"href":"https:\/\/vincentbernhardt.org\/de\/wp-json\/wp\/v2\/pages\/849"}],"wp:featuredmedia":[{"embeddable":true,"href":"https:\/\/vincentbernhardt.org\/de\/wp-json\/wp\/v2\/media\/937"}],"wp:attachment":[{"href":"https:\/\/vincentbernhardt.org\/de\/wp-json\/wp\/v2\/media?parent=892"}],"curies":[{"name":"wp","href":"https:\/\/api.w.org\/{rel}","templated":true}]}}