
{"id":905,"date":"2020-07-09T09:47:13","date_gmt":"2020-07-09T07:47:13","guid":{"rendered":"http:\/\/vincentbernhardt.org\/?page_id=905"},"modified":"2025-06-25T12:24:30","modified_gmt":"2025-06-25T10:24:30","slug":"vivaldi-concerti-da-camera","status":"publish","type":"page","link":"https:\/\/vincentbernhardt.org\/de\/diskografie\/vivaldi-concerti-da-camera\/","title":{"rendered":"Vivaldi: Concerti da camera"},"content":{"rendered":"\n<h2 class=\"wp-block-heading\">Die Concerti da Camera ist ein einzigartiger Fall im Panorama der italienischen Musik der ersten H\u00e4lfte des 18. Jahrhunderts: Vivaldi war in der Tat der einzige Musiker dieser Zeit, der den Konzertstil und die Sprache in einer Kammerform \u00fcbernahm.<\/h2>\n\n\n\n<div class=\"wp-block-columns is-layout-flex wp-container-core-columns-is-layout-9d6595d7 wp-block-columns-is-layout-flex\">\n<div class=\"wp-block-column is-layout-flow wp-block-column-is-layout-flow\" style=\"flex-basis:33.33%\"><div class=\"wp-block-image\">\n<figure class=\"aligncenter size-full\"><img loading=\"lazy\" decoding=\"async\" width=\"600\" height=\"600\" src=\"http:\/\/vincentbernhardt.org\/de\/wp-content\/uploads\/sites\/3\/2025\/06\/CAL1852-cover-dis.jpg\" alt=\"\" class=\"wp-image-1991\" srcset=\"https:\/\/vincentbernhardt.org\/de\/wp-content\/uploads\/sites\/3\/2025\/06\/CAL1852-cover-dis.jpg 600w, https:\/\/vincentbernhardt.org\/de\/wp-content\/uploads\/sites\/3\/2025\/06\/CAL1852-cover-dis-300x300.jpg 300w, https:\/\/vincentbernhardt.org\/de\/wp-content\/uploads\/sites\/3\/2025\/06\/CAL1852-cover-dis-150x150.jpg 150w, https:\/\/vincentbernhardt.org\/de\/wp-content\/uploads\/sites\/3\/2025\/06\/CAL1852-cover-dis-100x100.jpg 100w\" sizes=\"auto, (max-width: 600px) 100vw, 600px\" \/><\/figure>\n<\/div>\n\n\n<h2 class=\"wp-block-heading\">Einzelheiten:<\/h2>\n\n\n\n<p>Jahr: 2018<\/p>\n\n\n\n<p>Label: <a href=\"https:\/\/indesenscalliope.com\/boutique\/vivaldi-concerti-da-camera\/\" target=\"_blank\" rel=\"noreferrer noopener\">Calliope<\/a><\/p>\n\n\n\n<p>Werke von: Antonio Vivaldi<\/p>\n\n\n\n<p>K\u00fcnstler:<br>Vincent Bernhardt, Cembalo &amp; Leitung<br>Il delirio fantastico<\/p>\n\n\n\n<p>Dauer: 1h03 &#8211; 23 Tracks<\/p>\n\n\n\n<h2 class=\"wp-block-heading\">Verf\u00fcgbar bei:<\/h2>\n\n\n\n<div class=\"wp-block-buttons is-layout-flex wp-block-buttons-is-layout-flex\">\n<div class=\"wp-block-button is-style-outline is-style-outline--1\"><a class=\"wp-block-button__link has-text-color wp-element-button\" href=\"https:\/\/www.qobuz.com\/album\/vivaldi-concerti-da-camera-il-delirio-fantastico-vincent-bernhardt\/on6o3eutvgkuc\" style=\"border-radius:4px;color:#e7d3b1\" target=\"_blank\" rel=\"noreferrer noopener\">Qobuz<\/a><\/div>\n\n\n\n<div class=\"wp-block-button is-style-outline is-style-outline--2\"><a class=\"wp-block-button__link has-text-color wp-element-button\" href=\"https:\/\/www.amazon.fr\/Concerti-Camera-Vincent-Bernhardt\/dp\/B07BZ4563T\" style=\"border-radius:4px;color:#e7d3b1\" target=\"_blank\" rel=\"noreferrer noopener\">Amazon<\/a><\/div>\n\n\n\n<div class=\"wp-block-button is-style-outline is-style-outline--3\"><a class=\"wp-block-button__link has-text-color wp-element-button\" href=\"https:\/\/www.deezer.com\/album\/63119952\" style=\"border-radius:4px;color:#e7d3b1\" target=\"_blank\" rel=\"noreferrer noopener\">Deezer<\/a><\/div>\n\n\n\n<div class=\"wp-block-button is-style-outline is-style-outline--4\"><a class=\"wp-block-button__link has-text-color wp-element-button\" href=\"https:\/\/music.apple.com\/album\/vivaldi-concerti-da-camera\/1381158131\" style=\"border-radius:4px;color:#e7d3b1\" target=\"_blank\" rel=\"noreferrer noopener\">Apple Music<\/a><\/div>\n\n\n\n<div class=\"wp-block-button is-style-outline is-style-outline--5\"><a class=\"wp-block-button__link has-text-color wp-element-button\" href=\"https:\/\/open.spotify.com\/album\/0EvjRq3IokLhxyPGkigoza\" style=\"border-radius:4px;color:#e7d3b1\" target=\"_blank\" rel=\"noreferrer noopener\">Spotify<\/a><\/div>\n<\/div>\n\n\n\n<p><\/p>\n<\/div>\n\n\n\n<div class=\"wp-block-column is-layout-flow wp-block-column-is-layout-flow\" style=\"flex-basis:66.66%\">\n<figure class=\"wp-block-embed is-type-video is-provider-youtube wp-block-embed-youtube wp-embed-aspect-16-9 wp-has-aspect-ratio\"><div class=\"wp-block-embed__wrapper\">\n<iframe loading=\"lazy\" title=\"Il delirio fantastico : Vivaldi, Concerti da Camera\" width=\"525\" height=\"295\" src=\"https:\/\/www.youtube.com\/embed\/JWQ_keQNEKY?feature=oembed\" frameborder=\"0\" allow=\"accelerometer; autoplay; clipboard-write; encrypted-media; gyroscope; picture-in-picture; web-share\" referrerpolicy=\"strict-origin-when-cross-origin\" allowfullscreen><\/iframe>\n<\/div><\/figure>\n\n\n\n<p class=\"has-drop-cap\">Der Begriff &#8222;Concerto da camera&#8220;, der verwendet wird, um diese Werke von denen zu unterscheiden, die eine Gruppe von Streichern verwenden, um das Ripieno zu bilden, wird von Vivaldi selbst nicht verwendet, der sie einfach &#8222;Konzerte&#8220; nennt. obwohl sie nur Soloinstrumente verwenden (au\u00dfer dem Continuo) und sich daher von anderen Konzerten der Zeit durch die Originalit\u00e4t ihrer Instrumentierung unterscheiden. Werke mit dem Titel \u201eConcerti da camera\u201c sind im barocken Italien jedoch keine Seltenheit, sondern entweder Kammermusikst\u00fccke, die kein konzertantes Schreiben \u00fcbernehmen, oder Konzerte nach dem Modell von Corellian mit einem Orchester-Tutti &#8211; Der Begriff &#8222;da camera&#8220; bezieht sich auf den Stil und nicht auf die Instrumentierung. Sie geh\u00f6ren daher zu einem Genre, das sich von dem unterscheidet, mit dem wir uns befassen, und sind durch ihre Form, die sich aus der Abfolge der T\u00e4nze ergibt, dem &#8222;Concerto da chiesa&#8220; entgegengesetzt, das auf dem Wechsel langsamer und schneller Bewegungen beruht.<\/p>\n\n\n\n<p>Unter den 21 Concerti da-Kameras im Vivaldi-Katalog &#8211; von denen zwei von zweifelhafter Echtheit sind &#8211; dominieren Blasinstrumente (Fl\u00f6te, Oboe und Fagott) weit verbreitet. Die Geige ist nicht zu \u00fcbertreffen und tritt in fast allen diesen Werken als Solist oder Begleiter auf. Die Vielfalt der Texturen, die Virtuosit\u00e4t der verschiedenen Teile und die Austauschbarkeit der Rollen der Instrumente (Melodie, Begleitung, Kontraktion \u2026) machen sie sowohl zu authentischen Kammermusikst\u00fccken als auch zu echten Konzerten, die eng miteinander verbunden sind die Form dieses Genres und die perfekte \u00dcbernahme der Konzertsprache.<\/p>\n\n\n\n<hr class=\"wp-block-separator has-css-opacity\" \/>\n\n\n\n<blockquote class=\"wp-block-quote is-layout-flow wp-block-quote-is-layout-flow\">\n<p>\u201eeine perfekte Hommage an die subtile Schreibweise dieser Konzerte.\u201c<\/p>\n<cite>C\u00e9cile Glaenzer, <a href=\"https:\/\/www.resmusica.com\/2018\/07\/31\/les-concerti-da-camera-de-vivaldi-par-il-delirio-fantastico\/\" target=\"_blank\" rel=\"noreferrer noopener\">ResMusica<\/a>, 31\/07\/2018<\/cite><\/blockquote>\n\n\n\n<hr class=\"wp-block-separator has-css-opacity\" \/>\n\n\n\n<blockquote class=\"wp-block-quote is-layout-flow wp-block-quote-is-layout-flow\">\n<p>\u201eDiese entz\u00fcckende Aufnahme d\u00fcrfte viele Freunde gewinnen.\u201c<\/p>\n<cite>Robert Hugill, <a href=\"https:\/\/www.planethugill.com\/2018\/08\/sheer-delight-vivaldis-concerti-da.html\" target=\"_blank\" rel=\"noreferrer noopener\">Planet Hugill<\/a>, 29\/08\/2018<\/cite><\/blockquote>\n\n\n\n<hr class=\"wp-block-separator has-css-opacity\" \/>\n\n\n\n<blockquote class=\"wp-block-quote is-layout-flow wp-block-quote-is-layout-flow\">\n<p>\u201eEine attraktive Vivaldi-Sammlung, die mit viel Energie und Flexibilit\u00e4t vorgetragen wird.\u201c<\/p>\n<cite>Remy Franck, <a href=\"https:\/\/www.pizzicato.lu\/pulsierende-vivaldi-interpretationen\/\" target=\"_blank\" rel=\"noreferrer noopener\">Pizzicato<\/a>, 18\/06\/2018<\/cite><\/blockquote>\n\n\n\n<hr class=\"wp-block-separator has-css-opacity\" \/>\n\n\n\n<blockquote class=\"wp-block-quote is-layout-flow wp-block-quote-is-layout-flow\">\n<p>\u201eIl delirio fantastico best\u00e4tigt seine gro\u00dfe Vivaldi-Affinit\u00e4t [und] versteht diese Musik wie kaum ein anderer. Bravo!\u201c<\/p>\n<cite>Olivier Four\u00e9s, Diapason Magazine Nr. 671, 09\/2018<\/cite><\/blockquote>\n\n\n\n<hr class=\"wp-block-separator has-css-opacity\" \/>\n\n\n\n<h2 class=\"wp-block-heading\">Ausz\u00fcge aus dem Album :<\/h2>\n\n\n\n<figure class=\"wp-block-embed is-type-rich is-provider-spotify wp-block-embed-spotify wp-embed-aspect-21-9 wp-has-aspect-ratio\"><div class=\"wp-block-embed__wrapper\">\n<iframe title=\"Spotify Embed: Vivaldi: Concerti da camera\" style=\"border-radius: 12px\" width=\"100%\" height=\"352\" frameborder=\"0\" allowfullscreen allow=\"autoplay; clipboard-write; encrypted-media; fullscreen; picture-in-picture\" loading=\"lazy\" src=\"https:\/\/open.spotify.com\/embed\/album\/0EvjRq3IokLhxyPGkigoza?utm_source=oembed\"><\/iframe>\n<\/div><\/figure>\n<\/div>\n<\/div>\n","protected":false},"excerpt":{"rendered":"<p>Die Concerti da Camera ist ein einzigartiger Fall im Panorama der italienischen Musik der ersten H\u00e4lfte des 18. Jahrhunderts: Vivaldi war in der Tat der einzige Musiker dieser Zeit, der &hellip; <\/p>\n<p class=\"link-more\"><a href=\"https:\/\/vincentbernhardt.org\/de\/diskografie\/vivaldi-concerti-da-camera\/\" class=\"more-link\"><span class=\"screen-reader-text\">\u201eVivaldi: Concerti da camera\u201c <\/span>weiterlesen<\/a><\/p>\n","protected":false},"author":2,"featured_media":938,"parent":849,"menu_order":0,"comment_status":"closed","ping_status":"closed","template":"","meta":{"footnotes":""},"class_list":["post-905","page","type-page","status-publish","has-post-thumbnail","hentry"],"_links":{"self":[{"href":"https:\/\/vincentbernhardt.org\/de\/wp-json\/wp\/v2\/pages\/905","targetHints":{"allow":["GET"]}}],"collection":[{"href":"https:\/\/vincentbernhardt.org\/de\/wp-json\/wp\/v2\/pages"}],"about":[{"href":"https:\/\/vincentbernhardt.org\/de\/wp-json\/wp\/v2\/types\/page"}],"author":[{"embeddable":true,"href":"https:\/\/vincentbernhardt.org\/de\/wp-json\/wp\/v2\/users\/2"}],"replies":[{"embeddable":true,"href":"https:\/\/vincentbernhardt.org\/de\/wp-json\/wp\/v2\/comments?post=905"}],"version-history":[{"count":3,"href":"https:\/\/vincentbernhardt.org\/de\/wp-json\/wp\/v2\/pages\/905\/revisions"}],"predecessor-version":[{"id":2192,"href":"https:\/\/vincentbernhardt.org\/de\/wp-json\/wp\/v2\/pages\/905\/revisions\/2192"}],"up":[{"embeddable":true,"href":"https:\/\/vincentbernhardt.org\/de\/wp-json\/wp\/v2\/pages\/849"}],"wp:featuredmedia":[{"embeddable":true,"href":"https:\/\/vincentbernhardt.org\/de\/wp-json\/wp\/v2\/media\/938"}],"wp:attachment":[{"href":"https:\/\/vincentbernhardt.org\/de\/wp-json\/wp\/v2\/media?parent=905"}],"curies":[{"name":"wp","href":"https:\/\/api.w.org\/{rel}","templated":true}]}}