
{"id":919,"date":"2017-07-27T13:07:44","date_gmt":"2017-07-27T11:07:44","guid":{"rendered":"http:\/\/les-discours-enchantes.com\/?page_id=2"},"modified":"2025-06-24T21:47:43","modified_gmt":"2025-06-24T19:47:43","slug":"about","status":"publish","type":"page","link":"https:\/\/vincentbernhardt.org\/de\/about\/","title":{"rendered":"Biografie"},"content":{"rendered":"\n<figure class=\"wp-block-image\"><img loading=\"lazy\" decoding=\"async\" width=\"1600\" height=\"1067\" src=\"https:\/\/vincentbernhardt.org\/de\/wp-content\/uploads\/sites\/3\/2024\/05\/Beau-Rivage-89-xs.jpg\" alt=\"\" class=\"wp-image-1880\" srcset=\"https:\/\/vincentbernhardt.org\/de\/wp-content\/uploads\/sites\/3\/2024\/05\/Beau-Rivage-89-xs.jpg 1600w, https:\/\/vincentbernhardt.org\/de\/wp-content\/uploads\/sites\/3\/2024\/05\/Beau-Rivage-89-xs-300x200.jpg 300w, https:\/\/vincentbernhardt.org\/de\/wp-content\/uploads\/sites\/3\/2024\/05\/Beau-Rivage-89-xs-1024x683.jpg 1024w, https:\/\/vincentbernhardt.org\/de\/wp-content\/uploads\/sites\/3\/2024\/05\/Beau-Rivage-89-xs-768x512.jpg 768w, https:\/\/vincentbernhardt.org\/de\/wp-content\/uploads\/sites\/3\/2024\/05\/Beau-Rivage-89-xs-1536x1024.jpg 1536w\" sizes=\"auto, (max-width: 706px) 89vw, (max-width: 767px) 82vw, 740px\" \/><figcaption class=\"wp-element-caption\">\u00a9Elena Guinzbourg<\/figcaption><\/figure>\n\n\n\n<p>Vincent Bernhardt, geboren 1987, ist Professor f\u00fcr Orgel an der Hochschule f\u00fcr Musik und Darstellende Kunst in Stuttgart, wo er auch das Institut f\u00fcr Orgel und historische Tasteninstrumente leitet.&nbsp;&nbsp;<\/p>\n\n\n\n<p>Er ist Preistr\u00e4ger zahlreicher Wettbewerbe f\u00fcr Musikinterpretation (Internationale Orgelwettbewerbe Gottfried Silbermann in Freiberg, J. S. Bach in Lausanne und Cavaill\u00e9-Coll; Internationale Cembalowettbewerbe in Bologna und Lugano, usw.). Er studierte in Lyon (Conservatoire National Sup\u00e9rieur de Musique et de Danse), Stuttgart (Hochschule f\u00fcr Musik) und Basel (Schola Cantorum). Er besitzt vier Master-Abschl\u00fcsse in Musikinterpretation (Orgel, Cembalo, Basso continuo und historische Orgelspielpraxis) sowie einen Doktortitel in Musikwissenschaft. Seine Studien erfolgten bei international renommierten P\u00e4dagogen (Andrea Marcon, Jesper Christensen, Yves Rechsteiner, Fran\u00e7ois Espinasse, Liesbeth Schlumberger, Jan Willem Jansen, Bernhard Haas, Jon Laukvik, J\u00f6rg Andreas B\u00f6tticher, Lorenzo Ghielmi, G\u00e9rard Geay, usw.).&nbsp;<\/p>\n\n\n\n<p>Seit seinem Deb\u00fct als Cembalist des Barockorchesters der Europ\u00e4ischen Union im Alter von 19 Jahren wurde Vincent Bernhardt zu Konzerten bei zahlreichen internationalen Festivals in rund 20 europ\u00e4ischen L\u00e4ndern sowie in Amerika eingeladen. Als Solist erhielt seine CD mit dem <a href=\"https:\/\/vincentbernhardt.org\/de\/diskografie\/wtk1\/\" data-type=\"page\" data-id=\"880\">ersten Teil des Wohltemperierten Klaviers<\/a> hervorragende internationale Kritiken und wurde f\u00fcr die International Classical Music Awards und den Preis der deutschen Schallplattenkritik (Vierteljahresliste) nominiert. Seine Aufnahme des<a href=\"https:\/\/vincentbernhardt.org\/de\/diskografie\/wtk2\/\" data-type=\"page\" data-id=\"2043\"> zweiten Teils des Wohltemperierten Klaviers<\/a> erschien M\u00e4rz 2025.<\/p>\n\n\n\n<p>Nachdem er in Lyon einen Zyklus mit Bach-Kantaten gegr\u00fcndet und geleitet hatte, \u00fcbernahm Vincent 2022 die Leitung des luxemburgischen Barockensembles La Chapelle Saint-Marc (gegr\u00fcndet 1998), mit dem er vor allem die italienische Barockmusik erkundet. Vor kurzem wurden zwei Alben ver\u00f6ffentlicht: <a href=\"https:\/\/vincentbernhardt.org\/de\/diskografie\/buxtehude-chapelle\/\" data-type=\"page\" data-id=\"1835\">Buxtehude: Herr, wenn ich nur Dich habe<\/a> (Ind\u00e9Sens Calliope 2024) und <a href=\"https:\/\/vincentbernhardt.org\/de\/diskografie\/torelli-2\/\" data-type=\"page\" data-id=\"2034\">Torelli: Manuscript Trio Sonatas<\/a> (Ind\u00e9Sens Calliope 2025).<\/p>\n\n\n\n<p>Als Kammermusiker arbeitet er insbesondere mit der Geigerin <a href=\"http:\/\/sueyingkoang.com\" target=\"_blank\" rel=\"noreferrer noopener\">Sue-Ying Koang<\/a> zusammen. Ihr Album <a href=\"https:\/\/vincentbernhardt.org\/de\/diskografie\/dalla-biblioteca-di-vivaldi\/\" data-type=\"page\" data-id=\"1970\">Dalla biblioteca di Vivaldi?<\/a> (Calliope, 2021) pr\u00e4sentiert anonyme Sonaten aus dem fr\u00fchen 18. Jahrhundert. Ein zweites Album, <a href=\"https:\/\/vincentbernhardt.org\/de\/diskografie\/torelli-1\/\" data-type=\"page\" data-id=\"2011\">Travelling with a violin<\/a> (Ind\u00e9sens Calliope, 2023), ist Torellis handgeschriebenen Sonaten f\u00fcr Violine und Basso continuo gewidmet.&nbsp;<\/p>\n\n\n\n<p>Als Forscher liegt sein Schwerpunkt auf der Instrumentalmusik des fr\u00fchen 18. Jahrhunderts und hat er eine Doktorarbeit \u00fcber die Interpretation von Vivaldis Musik verfasst.<\/p>\n\n\n\n<p>Vincent Bernhardt hat auch das Klaip\u0117da Chamber Orchestra (Litauen) dirigiert, mit dem er drei Alben aufgenommen hat: <a href=\"https:\/\/vincentbernhardt.org\/de\/diskografie\/handel-oboenkonzerte\/\" data-type=\"page\" data-id=\"2054\">H\u00e4ndels Oboenkonzerte<\/a> (Brilliant Classics, 2022), Bachs <a href=\"https:\/\/vincentbernhardt.org\/de\/diskografie\/bach-brandenburgische-konzerte\/\" data-type=\"page\" data-id=\"2022\">Brandenburgische Konzerte<\/a> (Calliope, 2023) und das Orchesterwerk von Johan Daniel Berlin (erscheint 2025). Seine Aufnahmen der Vivaldi-Konzerte (Calliope, 2017 und 2018) wurden von der Fachpresse hervorragend aufgenommen (CHOC des Magazins Classica und 5 diapasons). Vincent tritt auch mit dem Freiburger Barockorchester regelm\u00e4\u00dfig auf.&nbsp;<\/p>\n\n\n\n<div class=\"wp-block-buttons is-horizontal is-content-justification-center is-layout-flex wp-container-core-buttons-is-layout-499968f5 wp-block-buttons-is-layout-flex\">\n<div class=\"wp-block-button\"><a class=\"wp-block-button__link wp-element-button\" href=\"http:\/\/www.vincentbernhardt.org\/pdf\/Vitae-Vincent-Bernhardt.pdf\" style=\"border-radius:2px\" target=\"_blank\" rel=\"noreferrer noopener\">Laden Sie die Biografie als PDF herunter<\/a><\/div>\n<\/div>\n","protected":false},"excerpt":{"rendered":"<p>Vincent Bernhardt verbindet konsequentes Instrumentalspiel mit fundierter musikwissenschaftlicher Arbeit und ist dadurch ein allumfassender Musiker: international anerkannter Cembalist und Organist, Doktor der Musikwissenschaft, Dirigent und P\u00e4dagoge.<\/p>\n","protected":false},"author":2,"featured_media":245,"parent":0,"menu_order":0,"comment_status":"closed","ping_status":"closed","template":"","meta":{"footnotes":""},"class_list":["post-919","page","type-page","status-publish","has-post-thumbnail","hentry"],"_links":{"self":[{"href":"https:\/\/vincentbernhardt.org\/de\/wp-json\/wp\/v2\/pages\/919","targetHints":{"allow":["GET"]}}],"collection":[{"href":"https:\/\/vincentbernhardt.org\/de\/wp-json\/wp\/v2\/pages"}],"about":[{"href":"https:\/\/vincentbernhardt.org\/de\/wp-json\/wp\/v2\/types\/page"}],"author":[{"embeddable":true,"href":"https:\/\/vincentbernhardt.org\/de\/wp-json\/wp\/v2\/users\/2"}],"replies":[{"embeddable":true,"href":"https:\/\/vincentbernhardt.org\/de\/wp-json\/wp\/v2\/comments?post=919"}],"version-history":[{"count":3,"href":"https:\/\/vincentbernhardt.org\/de\/wp-json\/wp\/v2\/pages\/919\/revisions"}],"predecessor-version":[{"id":2151,"href":"https:\/\/vincentbernhardt.org\/de\/wp-json\/wp\/v2\/pages\/919\/revisions\/2151"}],"wp:featuredmedia":[{"embeddable":true,"href":"https:\/\/vincentbernhardt.org\/de\/wp-json\/wp\/v2\/media\/245"}],"wp:attachment":[{"href":"https:\/\/vincentbernhardt.org\/de\/wp-json\/wp\/v2\/media?parent=919"}],"curies":[{"name":"wp","href":"https:\/\/api.w.org\/{rel}","templated":true}]}}