
{"id":880,"date":"2020-07-08T21:44:15","date_gmt":"2020-07-08T19:44:15","guid":{"rendered":"http:\/\/vincentbernhardt.org\/?page_id=880"},"modified":"2025-06-22T11:00:55","modified_gmt":"2025-06-22T09:00:55","slug":"wtk-1","status":"publish","type":"page","link":"https:\/\/vincentbernhardt.org\/en\/discography\/wtk-1\/","title":{"rendered":"Bach: The Well-Tempered Clavier &#8211; Volume 1"},"content":{"rendered":"\n<h2 class=\"wp-block-heading\"><em>Recorded for the first time on a large German harpsichord endowed with the low 16-foot playing typical of Bach&#8217;s time, the Well-Tempered Clavier is presented here in a colorful and flamboyant version, where virtuosity rhymes with variety.<\/em><\/h2>\n\n\n\n<div class=\"wp-block-columns is-layout-flex wp-container-core-columns-is-layout-9d6595d7 wp-block-columns-is-layout-flex\">\n<div class=\"wp-block-column is-layout-flow wp-block-column-is-layout-flow\" style=\"flex-basis:33.33%\">\n<figure class=\"wp-block-image size-full\"><img loading=\"lazy\" decoding=\"async\" width=\"600\" height=\"600\" src=\"http:\/\/vincentbernhardt.org\/en\/wp-content\/uploads\/sites\/4\/2025\/06\/CAL2070-cover-600-dis.jpg\" alt=\"\" class=\"wp-image-2169\" srcset=\"https:\/\/vincentbernhardt.org\/en\/wp-content\/uploads\/sites\/4\/2025\/06\/CAL2070-cover-600-dis.jpg 600w, https:\/\/vincentbernhardt.org\/en\/wp-content\/uploads\/sites\/4\/2025\/06\/CAL2070-cover-600-dis-300x300.jpg 300w, https:\/\/vincentbernhardt.org\/en\/wp-content\/uploads\/sites\/4\/2025\/06\/CAL2070-cover-600-dis-150x150.jpg 150w, https:\/\/vincentbernhardt.org\/en\/wp-content\/uploads\/sites\/4\/2025\/06\/CAL2070-cover-600-dis-100x100.jpg 100w\" sizes=\"auto, (max-width: 600px) 100vw, 600px\" \/><\/figure>\n\n\n\n<h2 class=\"wp-block-heading\">Details:<\/h2>\n\n\n\n<p>Year: 2020<\/p>\n\n\n\n<p>Label: <a href=\"https:\/\/indesenscalliope.com\/boutique\/vlavier-bien-tempere\/\" target=\"_blank\" rel=\"noreferrer noopener\">Calliope<\/a><\/p>\n\n\n\n<p>Works by: Johann Sebastian Bach<\/p>\n\n\n\n<p>Artist: Vincent Bernhardt, harpsichord<\/p>\n\n\n\n<p>Double CD<\/p>\n\n\n\n<p>Duration: 1&nbsp;hr 59&nbsp;min &#8211; 51 tracks<\/p>\n\n\n\n<h2 class=\"wp-block-heading\">Available on:<\/h2>\n\n\n\n<div class=\"wp-block-buttons is-layout-flex wp-block-buttons-is-layout-flex\">\n<div class=\"wp-block-button is-style-outline is-style-outline--1\"><a class=\"wp-block-button__link has-text-color wp-element-button\" href=\"https:\/\/www.qobuz.com\/ch-fr\/album\/das-wohltemperierte-klavier-teil-1-vincent-bernhardt\/tiz2leg8111va\" style=\"border-radius:4px;color:#e7d3b1\" target=\"_blank\" rel=\"noreferrer noopener\">Qobuz<\/a><\/div>\n\n\n\n<div class=\"wp-block-button is-style-outline is-style-outline--2\"><a class=\"wp-block-button__link has-text-color wp-element-button\" href=\"https:\/\/www.amazon.fr\/Wohltemperierte-Klavier-Teil-Clavier-Temp\u00e9r\u00e9\/dp\/B08924D3XW\/ref=sr_1_2?__mk_fr_FR=\u00c5M\u00c5\u017d\u00d5\u00d1&amp;dchild=1&amp;keywords=vincent+bernhardt&amp;qid=1594209471&amp;sr=8-2\" style=\"border-radius:4px;color:#e7d3b1\" target=\"_blank\" rel=\"noreferrer noopener\">Amazon<\/a><\/div>\n\n\n\n<div class=\"wp-block-button is-style-outline is-style-outline--3\"><a class=\"wp-block-button__link has-text-color wp-element-button\" href=\"https:\/\/music.amazon.fr\/albums\/B08BS263T8\" style=\"border-radius:4px;color:#e7d3b1\" target=\"_blank\" rel=\"noreferrer noopener\">Amazon Music<\/a><\/div>\n\n\n\n<div class=\"wp-block-button is-style-outline is-style-outline--4\"><a class=\"wp-block-button__link has-text-color wp-element-button\" href=\"https:\/\/youtu.be\/srefYLtL91A?si=vTgBNWFCXWGc185d\" style=\"border-radius:4px;color:#e7d3b1\" target=\"_blank\" rel=\"noreferrer noopener\">YouTube<\/a><\/div>\n\n\n\n<div class=\"wp-block-button is-style-outline is-style-outline--5\"><a class=\"wp-block-button__link has-text-color wp-element-button\" href=\"https:\/\/music.youtube.com\/playlist?list=OLAK5uy_mnP4fsQGO8hv36wSCgeWLYpplrICHFk6Q\" style=\"border-radius:4px;color:#e7d3b1\" target=\"_blank\" rel=\"noreferrer noopener\">YouTube Music<\/a><\/div>\n\n\n\n<div class=\"wp-block-button is-style-outline is-style-outline--6\"><a class=\"wp-block-button__link has-text-color wp-element-button\" href=\"https:\/\/www.deezer.com\/album\/156653032\" style=\"border-radius:4px;color:#e7d3b1\" target=\"_blank\" rel=\"noreferrer noopener\">Deezer<\/a><\/div>\n\n\n\n<div class=\"wp-block-button is-style-outline is-style-outline--7\"><a class=\"wp-block-button__link has-text-color wp-element-button\" href=\"https:\/\/music.apple.com\/gb\/album\/das-wohltemperierte-klavier-teil-1\/1520300548?uo=4&amp;app=music\" style=\"border-radius:4px;color:#e7d3b1\" target=\"_blank\" rel=\"noreferrer noopener\">Apple Music<\/a><\/div>\n\n\n\n<div class=\"wp-block-button is-style-outline is-style-outline--8\"><a class=\"wp-block-button__link has-text-color wp-element-button\" href=\"https:\/\/open.spotify.com\/album\/42KonSIU6x2sO5IFPDaoUA?si=KZ0gHwkxQi6L5s-fMlLigQ\" style=\"border-radius:4px;color:#e7d3b1\" target=\"_blank\" rel=\"noreferrer noopener\">Spotify<\/a><\/div>\n<\/div>\n\n\n\n<p><\/p>\n<\/div>\n\n\n\n<div class=\"wp-block-column is-layout-flow wp-block-column-is-layout-flow\" style=\"flex-basis:66.66%\">\n<p>Nominated for the ICMA Music Awards 2021 and for the Preis der deutschen Schallplattenkritik.<\/p>\n\n\n\n<figure class=\"wp-block-embed is-type-video is-provider-youtube wp-block-embed-youtube wp-embed-aspect-16-9 wp-has-aspect-ratio\"><div class=\"wp-block-embed__wrapper\">\n<iframe loading=\"lazy\" title=\"Vincent Bernhardt - Bach - Teaser\" width=\"525\" height=\"295\" src=\"https:\/\/www.youtube.com\/embed\/GGLxwci67bw?feature=oembed\" frameborder=\"0\" allow=\"accelerometer; autoplay; clipboard-write; encrypted-media; gyroscope; picture-in-picture; web-share\" referrerpolicy=\"strict-origin-when-cross-origin\" allowfullscreen><\/iframe>\n<\/div><\/figure>\n\n\n\n<hr class=\"wp-block-separator has-css-opacity\" \/>\n\n\n\n<blockquote class=\"wp-block-quote is-layout-flow wp-block-quote-is-layout-flow\">\n<p>&#8220;The fiery and always varied playing of the harpsichordist is simply a pleasure.&#8221;<\/p>\n<cite>Alain Steffen, <a href=\"https:\/\/www.pizzicato.lu\/klangfreudiger-feuriger-bach\/\" target=\"_blank\" rel=\"noreferrer noopener\">Pizzicato<\/a>, 2020\/08\/09<\/cite><\/blockquote>\n\n\n\n<hr class=\"wp-block-separator has-css-opacity\" \/>\n\n\n\n<blockquote class=\"wp-block-quote is-layout-flow wp-block-quote-is-layout-flow\">\n<p>\u201cBach&#8217;s great cycle is experienced in a completely new way.\u201d<\/p>\n<cite>Martin M\u00f6ller, <a href=\"https:\/\/www.volksfreund.de\/region\/kultur\/erstmals-eingespielt-bachs-wohltemperiertes-klavier-auf-einem-historischen-nachbau-mit-16-fuss-register_aid-52861193\" target=\"_blank\" rel=\"noreferrer noopener\">Volksfreund<\/a>, 2020\/08\/18<\/cite><\/blockquote>\n\n\n\n<hr class=\"wp-block-separator has-css-opacity\" \/>\n\n\n\n<blockquote class=\"wp-block-quote is-layout-flow wp-block-quote-is-layout-flow\">\n<p>\u201cA scholarly approach, severe but at a human level [\u2026] Few other interpretations offer us this bread broken and immediately shared, commensal.&#8221;<\/p>\n<cite>Christophe Steyne, <a href=\"https:\/\/www.crescendo-magazine.be\/integrale-en-cours-du-clavier-bien-tempere-une-approche-savante-severe-mais-a-hauteur-dhomme\/\" target=\"_blank\" rel=\"noreferrer noopener\">Crescendo Magazine<\/a>, 2020\/10\/06<\/cite><\/blockquote>\n\n\n\n<hr class=\"wp-block-separator has-css-opacity\" \/>\n\n\n\n<blockquote class=\"wp-block-quote is-layout-flow wp-block-quote-is-layout-flow\">\n<p>&#8220;Vincent Bernhardt&#8217;s authority is undeniable.&#8221;<\/p>\n<cite>Philippe Venturini, Classica No. 225, 2020\/09<\/cite><\/blockquote>\n\n\n\n<hr class=\"wp-block-separator has-css-opacity\" \/>\n\n\n\n<blockquote class=\"wp-block-quote is-layout-flow wp-block-quote-is-layout-flow\">\n<p>\u201cBernhardt is a lively player. He does not seek evenness or a strict center, but plays rhetorically and expressively. [\u2026] 4\/4&#8243;<\/p>\n<cite>Friedrich Sprondel, Fono-Forum, 2020\/11<\/cite><\/blockquote>\n\n\n\n<hr class=\"wp-block-separator has-css-opacity\" \/>\n\n\n\n<blockquote class=\"wp-block-quote is-layout-flow wp-block-quote-is-layout-flow\">\n<p>\u201cThanks to Bernhardt&#8217;s philologically sound and at the same time musical approach, the cycle can present itself with great unity despite its richness in detail.\u201d<\/p>\n<cite>Georg Henkel, Musik an sich, 2020<\/cite><\/blockquote>\n\n\n\n<hr class=\"wp-block-separator has-css-opacity\" \/>\n\n\n\n<h2 class=\"wp-block-heading\">From the album:<\/h2>\n\n\n\n<figure class=\"wp-block-embed is-type-rich is-provider-spotify wp-block-embed-spotify wp-embed-aspect-21-9 wp-has-aspect-ratio\"><div class=\"wp-block-embed__wrapper\">\n<iframe title=\"Spotify Embed: Das Wohltemperierte Klavier, Teil 1\" style=\"border-radius: 12px\" width=\"100%\" height=\"352\" frameborder=\"0\" allowfullscreen allow=\"autoplay; clipboard-write; encrypted-media; fullscreen; picture-in-picture\" loading=\"lazy\" src=\"https:\/\/open.spotify.com\/embed\/album\/42KonSIU6x2sO5IFPDaoUA?utm_source=oembed\"><\/iframe>\n<\/div><\/figure>\n<\/div>\n<\/div>\n\n\n\n<p><\/p>\n","protected":false},"excerpt":{"rendered":"<p>Recorded for the first time on a large German harpsichord endowed with the low 16-foot playing typical of Bach&#8217;s time, the Well-Tempered Clavier is presented here in a colorful and &hellip; <\/p>\n<p class=\"link-more\"><a href=\"https:\/\/vincentbernhardt.org\/en\/discography\/wtk-1\/\" class=\"more-link\">Continue reading<span class=\"screen-reader-text\"> &#8220;Bach: The Well-Tempered Clavier &#8211; Volume 1&#8221;<\/span><\/a><\/p>\n","protected":false},"author":2,"featured_media":863,"parent":849,"menu_order":0,"comment_status":"closed","ping_status":"closed","template":"","meta":{"footnotes":""},"class_list":["post-880","page","type-page","status-publish","has-post-thumbnail","hentry"],"_links":{"self":[{"href":"https:\/\/vincentbernhardt.org\/en\/wp-json\/wp\/v2\/pages\/880","targetHints":{"allow":["GET"]}}],"collection":[{"href":"https:\/\/vincentbernhardt.org\/en\/wp-json\/wp\/v2\/pages"}],"about":[{"href":"https:\/\/vincentbernhardt.org\/en\/wp-json\/wp\/v2\/types\/page"}],"author":[{"embeddable":true,"href":"https:\/\/vincentbernhardt.org\/en\/wp-json\/wp\/v2\/users\/2"}],"replies":[{"embeddable":true,"href":"https:\/\/vincentbernhardt.org\/en\/wp-json\/wp\/v2\/comments?post=880"}],"version-history":[{"count":3,"href":"https:\/\/vincentbernhardt.org\/en\/wp-json\/wp\/v2\/pages\/880\/revisions"}],"predecessor-version":[{"id":2269,"href":"https:\/\/vincentbernhardt.org\/en\/wp-json\/wp\/v2\/pages\/880\/revisions\/2269"}],"up":[{"embeddable":true,"href":"https:\/\/vincentbernhardt.org\/en\/wp-json\/wp\/v2\/pages\/849"}],"wp:featuredmedia":[{"embeddable":true,"href":"https:\/\/vincentbernhardt.org\/en\/wp-json\/wp\/v2\/media\/863"}],"wp:attachment":[{"href":"https:\/\/vincentbernhardt.org\/en\/wp-json\/wp\/v2\/media?parent=880"}],"curies":[{"name":"wp","href":"https:\/\/api.w.org\/{rel}","templated":true}]}}